{"id":1975,"date":"2024-09-23T15:42:35","date_gmt":"2024-09-23T13:42:35","guid":{"rendered":"https:\/\/biznalar.com\/politique-de-cookies\/"},"modified":"2025-05-07T15:24:28","modified_gmt":"2025-05-07T13:24:28","slug":"politique-de-cookies","status":"publish","type":"page","link":"https:\/\/biznalar.com\/fr\/politique-de-cookies\/","title":{"rendered":"Politique de Cookies"},"content":{"rendered":"\t\t<div data-elementor-type=\"wp-post\" data-elementor-id=\"1975\" class=\"elementor elementor-1975 elementor-1635\">\n\t\t\t\t\t\t<section class=\"elementor-section elementor-top-section elementor-element elementor-element-02016c6 elementor-section-boxed elementor-section-height-default elementor-section-height-default\" data-id=\"02016c6\" data-element_type=\"section\" data-e-type=\"section\" data-settings=\"{&quot;background_background&quot;:&quot;classic&quot;}\">\n\t\t\t\t\t\t\t<div class=\"elementor-background-overlay\"><\/div>\n\t\t\t\t\t\t\t<div class=\"elementor-container elementor-column-gap-default\">\n\t\t\t\t\t<div class=\"elementor-column elementor-col-50 elementor-top-column elementor-element elementor-element-5e54ded\" data-id=\"5e54ded\" data-element_type=\"column\" data-e-type=\"column\">\n\t\t\t<div class=\"elementor-widget-wrap elementor-element-populated\">\n\t\t\t\t\t\t<div class=\"elementor-element elementor-element-8da83e4 elementor-widget elementor-widget-heading\" data-id=\"8da83e4\" data-element_type=\"widget\" data-e-type=\"widget\" data-widget_type=\"heading.default\">\n\t\t\t\t<div class=\"elementor-widget-container\">\n\t\t\t\t\t<h1 class=\"elementor-heading-title elementor-size-default\">Politique de Cookies<\/h1>\t\t\t\t<\/div>\n\t\t\t\t<\/div>\n\t\t\t\t\t<\/div>\n\t\t<\/div>\n\t\t\t\t<div class=\"elementor-column elementor-col-50 elementor-top-column elementor-element elementor-element-b27e682\" data-id=\"b27e682\" data-element_type=\"column\" data-e-type=\"column\">\n\t\t\t<div class=\"elementor-widget-wrap\">\n\t\t\t\t\t\t\t<\/div>\n\t\t<\/div>\n\t\t\t\t\t<\/div>\n\t\t<\/section>\n\t\t\t\t<section class=\"elementor-section elementor-top-section elementor-element elementor-element-4cbd808 elementor-section-boxed elementor-section-height-default elementor-section-height-default\" data-id=\"4cbd808\" data-element_type=\"section\" data-e-type=\"section\" data-settings=\"{&quot;background_background&quot;:&quot;classic&quot;}\">\n\t\t\t\t\t\t<div class=\"elementor-container elementor-column-gap-default\">\n\t\t\t\t\t<div class=\"elementor-column elementor-col-100 elementor-top-column elementor-element elementor-element-63d0364\" data-id=\"63d0364\" data-element_type=\"column\" data-e-type=\"column\" data-settings=\"{&quot;background_background&quot;:&quot;classic&quot;}\">\n\t\t\t<div class=\"elementor-widget-wrap elementor-element-populated\">\n\t\t\t\t\t\t<div class=\"elementor-element elementor-element-11bc4ec elementor-widget__width-initial elementor-widget elementor-widget-text-editor\" data-id=\"11bc4ec\" data-element_type=\"widget\" data-e-type=\"widget\" data-widget_type=\"text-editor.default\">\n\t\t\t\t<div class=\"elementor-widget-container\">\n\t\t\t\t\t\t\t\t\t<div class=\"row\"><div class=\"col-xl-10 mx-auto\"><div class=\"paper\"><header class=\"text-center\"><div class=\"row\"><div class=\"col-xl-10 mx-auto\"><div class=\"paper\"><header class=\"text-center\"><h2 class=\"m-auto\">POLITIQUE DE COOKIES<\/h2><h4><span class=\"blanc-space ng-binding\">www.biznalar.com<\/span><\/h4><\/header><div><p>L&rsquo;acc\u00e8s \u00e0 ce Site Web peut impliquer l&rsquo;utilisation de cookies. Les cookies sont de petites quantit\u00e9s d&rsquo;informations stock\u00e9es dans le navigateur utilis\u00e9 par chaque Utilisateur \u2014sur les diff\u00e9rents appareils qu&rsquo;il peut utiliser pour naviguer\u2014 afin que le serveur se souvienne de certaines informations que seul le serveur qui les a mises en place lira ult\u00e9rieurement. Les cookies facilitent la navigation, la rendent plus conviviale et n&rsquo;endommagent pas l&rsquo;appareil de navigation.  <\/p><p>Les cookies sont des proc\u00e9dures automatiques de collecte d&rsquo;informations relatives aux pr\u00e9f\u00e9rences d\u00e9termin\u00e9es par l&rsquo;Utilisateur lors de sa visite sur le Site Web afin de le reconna\u00eetre en tant qu&rsquo;Utilisateur, de personnaliser son exp\u00e9rience et l&rsquo;utilisation du Site Web, et peuvent \u00e9galement, par exemple, aider \u00e0 identifier et r\u00e9soudre des erreurs.<\/p><p>Les informations recueillies par le biais des cookies peuvent inclure la date et l&rsquo;heure des visites sur le Site Web, les pages consult\u00e9es, le temps pass\u00e9 sur le Site Web et les sites visit\u00e9s juste avant et apr\u00e8s celui-ci. Cependant, aucun cookie ne permet de contacter le num\u00e9ro de t\u00e9l\u00e9phone de l&rsquo;Utilisateur ou tout autre moyen de contact personnel. Aucun cookie ne peut extraire des informations du disque dur de l&rsquo;Utilisateur ou voler des informations personnelles. La seule fa\u00e7on pour que les informations priv\u00e9es de l&rsquo;Utilisateur fassent partie du fichier Cookie est que l&rsquo;utilisateur fournisse personnellement ces informations au serveur.   <\/p><p>Les cookies qui permettent d\u2019identifier une personne sont consid\u00e9r\u00e9es comme des donn\u00e9es personnelles. Par cons\u00e9quent, la Politique de Confidentialit\u00e9 pr\u00e9c\u00e9demment d\u00e9crite leur sera applicable. \u00c0 cet \u00e9gard, leur utilisation n\u00e9cessitera le consentement de l\u2019Utilisateur. Ce consentement sera communiqu\u00e9 sur la base d\u2019un choix authentique, offert par une d\u00e9cision affirmative et positive, avant le traitement initial, r\u00e9vocable et document\u00e9.   <\/p><div class=\"\"><h4>Cookies propres<\/h4><p>Ce sont des cookies qui sont envoy\u00e9s \u00e0 l&rsquo;ordinateur ou \u00e0 l&rsquo;appareil de l&rsquo;Utilisateur et g\u00e9r\u00e9s exclusivement par <span class=\"blanc-space ng-binding\">Construcciones Biznalar<\/span> pour le bon fonctionnement du Site Web. Les informations collect\u00e9es sont utilis\u00e9es pour am\u00e9liorer la qualit\u00e9 du Site Web et de son Contenu, ainsi que l&rsquo;exp\u00e9rience de l&rsquo;Utilisateur. Ces cookies permettent de reconna\u00eetre l&rsquo;Utilisateur en tant que visiteur r\u00e9current du Site Web et d&rsquo;adapter le contenu pour lui offrir des \u00e9l\u00e9ments qui correspondent \u00e0 ses pr\u00e9f\u00e9rences.  <\/p><\/div><div class=\"thirdCookies\"><h4>Cookies tierces<\/h4><p>Ce sont des cookies utilis\u00e9s et g\u00e9r\u00e9s par des entit\u00e9s externes qui fournissent \u00e0 <span class=\"blanc-space ng-binding\">Construcciones Biznalar<\/span> des services demand\u00e9s par cette derni\u00e8re pour am\u00e9liorer le Site Web et l&rsquo;exp\u00e9rience de l&rsquo;utilisateur lors de la navigation sur le Site Web. Les principaux objectifs pour lesquels des cookies tiers sont utilis\u00e9s sont l&rsquo;obtention de statistiques d&rsquo;acc\u00e8s et l&rsquo;analyse des informations de navigation, c&rsquo;est-\u00e0-dire comment l&rsquo;Utilisateur interagit avec le Site Web. <\/p><p>Les informations recueillies se r\u00e9f\u00e8rent, par exemple, au nombre de pages visit\u00e9es, \u00e0 la langue, \u00e0 la localisation de l&rsquo;adresse IP \u00e0 partir de laquelle l&rsquo;Utilisateur acc\u00e8de, au nombre d&rsquo;Utilisateurs qui acc\u00e8dent, \u00e0 la fr\u00e9quence et \u00e0 la r\u00e9currence des visites, au temps de visite, au navigateur utilis\u00e9, \u00e0 l&rsquo;op\u00e9rateur ou au type d&rsquo;appareil utilis\u00e9 pour la visite. Ces informations sont utilis\u00e9es pour am\u00e9liorer le Site Web et d\u00e9tecter de nouveaux besoins afin d&rsquo;offrir aux Utilisateurs un Contenu et\/ou un service de qualit\u00e9 optimale. En tout \u00e9tat de cause, les informations sont recueillies de mani\u00e8re anonyme et des rapports de tendances du Site Web sont \u00e9labor\u00e9s sans identifier les utilisateurs individuels.  <\/p><p>Vous pouvez obtenir plus d&rsquo;informations sur les cookies, les informations relatives \u00e0 la confidentialit\u00e9, ou consulter la description des types de cookies utilis\u00e9s, leurs principales caract\u00e9ristiques, leur p\u00e9riode d&rsquo;expiration, etc., dans le(s) lien(s) suivant(s) :<\/p><p class=\"text-wrap ng-binding\">Google INC.<\/p><p>L&rsquo;entit\u00e9(s) responsable(s) de la fourniture des cookies peut(ent) transf\u00e9rer ces informations \u00e0 des tiers, dans la mesure o\u00f9 la loi l&rsquo;exige ou si un tiers traite ces informations pour ces entit\u00e9s.<\/p><\/div><div class=\"\"><h4>Cookies des r\u00e9seaux sociaux<\/h4><p><span class=\"blanc-space ng-binding\">Construcciones Biznalar<\/span> int\u00e8gre des plugins de r\u00e9seaux sociaux, permettant d&rsquo;y acc\u00e9der \u00e0 partir du Site Web. Pour cette raison, les cookies des r\u00e9seaux sociaux peuvent \u00eatre stock\u00e9s dans le navigateur de l&rsquo;Utilisateur. Les propri\u00e9taires de ces r\u00e9seaux sociaux disposent de leurs propres politiques de protection des donn\u00e9es et de cookies, \u00e9tant eux-m\u00eames responsables de leurs propres fichiers et pratiques de confidentialit\u00e9. L&rsquo;Utilisateur doit s&rsquo;y r\u00e9f\u00e9rer pour obtenir des informations sur ces cookies et, le cas \u00e9ch\u00e9ant, sur le traitement de ses donn\u00e9es personnelles. Ci-dessous, \u00e0 titre informatif, les liens o\u00f9 ces politiques de confidentialit\u00e9 et\/ou de cookies peuvent \u00eatre consult\u00e9es :    <\/p><ul><li>Facebook: <a class=\"text-info\" href=\"https:\/\/www.facebook.com\/policies\/cookies\/\" target=\"_blank\" rel=\"noopener\">https:\/\/www.facebook.com\/policies\/cookies\/<\/a><\/li><li>Twitter: <a class=\"text-info\" href=\"https:\/\/twitter.com\/es\/privacy\" target=\"_blank\" rel=\"noopener\">https:\/\/twitter.com\/es\/privacy<\/a><\/li><li>Instagram: <a class=\"text-info\" href=\"https:\/\/help.instagram.com\/1896641480634370?ref=ig\" target=\"_blank\" rel=\"noopener\">https:\/\/help.instagram.com\/1896641480634370?ref=ig<\/a><\/li><li>YouTube: <a class=\"text-info\" href=\"https:\/\/policies.google.com\/privacy?hl=es-419&amp;gl=mx\" target=\"_blank\" rel=\"noopener\">https:\/\/policies.google.com\/privacy?hl=es-419&amp;gl=mx<\/a><\/li><li>Pinterest: <a class=\"text-info\" href=\"https:\/\/policy.pinterest.com\/es\/privacy-policy\" target=\"_blank\" rel=\"noopener\">https:\/\/policy.pinterest.com\/es\/privacy-policy<\/a><\/li><li>LinkedIn: <a class=\"text-info\" href=\"https:\/\/www.linkedin.com\/legal\/cookie-policy?trk=hp-cookies\" target=\"_blank\" rel=\"noopener\">https:\/\/www.linkedin.com\/legal\/cookie-policy?trk=hp-cookies<\/a><\/li><\/ul><\/div><h4>D\u00e9sactiver, Rejeter et Supprimer les Cookies<\/h4><p>L&rsquo;Utilisateur peut d\u00e9sactiver, refuser et supprimer les cookies \u2014totalement ou partiellement\u2014 install\u00e9s sur son appareil via les param\u00e8tres de son navigateur (par exemple, Chrome, Firefox, Safari, Explorer). \u00c0 cet \u00e9gard, les proc\u00e9dures pour refuser et supprimer les cookies peuvent varier d&rsquo;un navigateur Internet \u00e0 l&rsquo;autre. Par cons\u00e9quent, l&rsquo;Utilisateur doit consulter les instructions fournies par le navigateur qu&rsquo;il utilise. Dans le cas o\u00f9 il refuserait l&rsquo;utilisation des cookies \u2014totalement ou partiellement\u2014 il pourra continuer \u00e0 utiliser le Site Web, bien que certaines fonctionnalit\u00e9s puissent \u00eatre limit\u00e9es.   <\/p><\/div><\/div><\/div><\/div><\/header><\/div><\/div><\/div>\t\t\t\t\t\t\t\t<\/div>\n\t\t\t\t<\/div>\n\t\t\t\t\t<\/div>\n\t\t<\/div>\n\t\t\t\t\t<\/div>\n\t\t<\/section>\n\t\t\t\t<\/div>\n\t\t","protected":false},"excerpt":{"rendered":"<p>Politique de Cookies POLITIQUE DE COOKIES www.biznalar.com L&rsquo;acc\u00e8s \u00e0 ce Site Web peut impliquer l&rsquo;utilisation de cookies. Les cookies sont de petites quantit\u00e9s d&rsquo;informations stock\u00e9es dans le navigateur utilis\u00e9 par chaque Utilisateur \u2014sur les diff\u00e9rents appareils qu&rsquo;il peut utiliser pour naviguer\u2014 afin que le serveur se souvienne de certaines informations que seul le serveur qui [&hellip;]<\/p>\n","protected":false},"author":1,"featured_media":0,"parent":0,"menu_order":0,"comment_status":"closed","ping_status":"closed","template":"","meta":{"site-sidebar-layout":"no-sidebar","site-content-layout":"page-builder","ast-site-content-layout":"full-width-container","site-content-style":"unboxed","site-sidebar-style":"unboxed","ast-global-header-display":"","ast-banner-title-visibility":"","ast-main-header-display":"","ast-hfb-above-header-display":"","ast-hfb-below-header-display":"","ast-hfb-mobile-header-display":"","site-post-title":"disabled","ast-breadcrumbs-content":"","ast-featured-img":"disabled","footer-sml-layout":"","ast-disable-related-posts":"","theme-transparent-header-meta":"enabled","adv-header-id-meta":"","stick-header-meta":"","header-above-stick-meta":"","header-main-stick-meta":"","header-below-stick-meta":"","astra-migrate-meta-layouts":"default","ast-page-background-enabled":"default","ast-page-background-meta":{"desktop":{"background-color":"","background-image":"","background-repeat":"repeat","background-position":"center center","background-size":"auto","background-attachment":"scroll","background-type":"","background-media":"","overlay-type":"","overlay-color":"","overlay-opacity":"","overlay-gradient":""},"tablet":{"background-color":"","background-image":"","background-repeat":"repeat","background-position":"center center","background-size":"auto","background-attachment":"scroll","background-type":"","background-media":"","overlay-type":"","overlay-color":"","overlay-opacity":"","overlay-gradient":""},"mobile":{"background-color":"","background-image":"","background-repeat":"repeat","background-position":"center center","background-size":"auto","background-attachment":"scroll","background-type":"","background-media":"","overlay-type":"","overlay-color":"","overlay-opacity":"","overlay-gradient":""}},"ast-content-background-meta":{"desktop":{"background-color":"var(--ast-global-color-5)","background-image":"","background-repeat":"repeat","background-position":"center center","background-size":"auto","background-attachment":"scroll","background-type":"","background-media":"","overlay-type":"","overlay-color":"","overlay-opacity":"","overlay-gradient":""},"tablet":{"background-color":"var(--ast-global-color-5)","background-image":"","background-repeat":"repeat","background-position":"center center","background-size":"auto","background-attachment":"scroll","background-type":"","background-media":"","overlay-type":"","overlay-color":"","overlay-opacity":"","overlay-gradient":""},"mobile":{"background-color":"var(--ast-global-color-5)","background-image":"","background-repeat":"repeat","background-position":"center center","background-size":"auto","background-attachment":"scroll","background-type":"","background-media":"","overlay-type":"","overlay-color":"","overlay-opacity":"","overlay-gradient":""}},"_joinchat":[],"footnotes":""},"class_list":["post-1975","page","type-page","status-publish","hentry"],"_links":{"self":[{"href":"https:\/\/biznalar.com\/fr\/wp-json\/wp\/v2\/pages\/1975","targetHints":{"allow":["GET"]}}],"collection":[{"href":"https:\/\/biznalar.com\/fr\/wp-json\/wp\/v2\/pages"}],"about":[{"href":"https:\/\/biznalar.com\/fr\/wp-json\/wp\/v2\/types\/page"}],"author":[{"embeddable":true,"href":"https:\/\/biznalar.com\/fr\/wp-json\/wp\/v2\/users\/1"}],"replies":[{"embeddable":true,"href":"https:\/\/biznalar.com\/fr\/wp-json\/wp\/v2\/comments?post=1975"}],"version-history":[{"count":1,"href":"https:\/\/biznalar.com\/fr\/wp-json\/wp\/v2\/pages\/1975\/revisions"}],"predecessor-version":[{"id":1976,"href":"https:\/\/biznalar.com\/fr\/wp-json\/wp\/v2\/pages\/1975\/revisions\/1976"}],"wp:attachment":[{"href":"https:\/\/biznalar.com\/fr\/wp-json\/wp\/v2\/media?parent=1975"}],"curies":[{"name":"wp","href":"https:\/\/api.w.org\/{rel}","templated":true}]}}