{"id":1910,"date":"2024-09-18T16:27:57","date_gmt":"2024-09-18T14:27:57","guid":{"rendered":"https:\/\/biznalar.com\/lentreprise\/"},"modified":"2025-05-07T14:10:06","modified_gmt":"2025-05-07T12:10:06","slug":"lentreprise","status":"publish","type":"page","link":"https:\/\/biznalar.com\/fr\/lentreprise\/","title":{"rendered":"L&rsquo;entreprise"},"content":{"rendered":"\t\t<div data-elementor-type=\"wp-post\" data-elementor-id=\"1910\" class=\"elementor elementor-1910 elementor-1560\">\n\t\t\t\t\t\t<section class=\"elementor-section elementor-top-section elementor-element elementor-element-bf54fba elementor-section-boxed elementor-section-height-default elementor-section-height-default\" data-id=\"bf54fba\" data-element_type=\"section\" data-e-type=\"section\" data-settings=\"{&quot;background_background&quot;:&quot;classic&quot;}\">\n\t\t\t\t\t\t\t<div class=\"elementor-background-overlay\"><\/div>\n\t\t\t\t\t\t\t<div class=\"elementor-container elementor-column-gap-default\">\n\t\t\t\t\t<div class=\"elementor-column elementor-col-50 elementor-top-column elementor-element elementor-element-eb850d7\" data-id=\"eb850d7\" data-element_type=\"column\" data-e-type=\"column\">\n\t\t\t<div class=\"elementor-widget-wrap elementor-element-populated\">\n\t\t\t\t\t\t<div class=\"elementor-element elementor-element-e27bab8 elementor-widget elementor-widget-heading\" data-id=\"e27bab8\" data-element_type=\"widget\" data-e-type=\"widget\" data-widget_type=\"heading.default\">\n\t\t\t\t<div class=\"elementor-widget-container\">\n\t\t\t\t\t<h1 class=\"elementor-heading-title elementor-size-default\">L'entreprise<\/h1>\t\t\t\t<\/div>\n\t\t\t\t<\/div>\n\t\t\t\t<div class=\"elementor-element elementor-element-78bbeaf elementor-widget elementor-widget-text-editor\" data-id=\"78bbeaf\" data-element_type=\"widget\" data-e-type=\"widget\" data-widget_type=\"text-editor.default\">\n\t\t\t\t<div class=\"elementor-widget-container\">\n\t\t\t\t\t\t\t\t\t<p>Une entreprise familiale avec plus de 50 ans d&rsquo;histoire dans la construction et la promotion de logements et de locaux commerciaux.<\/p>\t\t\t\t\t\t\t\t<\/div>\n\t\t\t\t<\/div>\n\t\t\t\t\t<\/div>\n\t\t<\/div>\n\t\t\t\t<div class=\"elementor-column elementor-col-50 elementor-top-column elementor-element elementor-element-fac5ba7\" data-id=\"fac5ba7\" data-element_type=\"column\" data-e-type=\"column\" data-settings=\"{&quot;background_background&quot;:&quot;classic&quot;}\">\n\t\t\t<div class=\"elementor-widget-wrap\">\n\t\t\t\t\t\t\t<\/div>\n\t\t<\/div>\n\t\t\t\t\t<\/div>\n\t\t<\/section>\n\t\t\t\t<section class=\"elementor-section elementor-top-section elementor-element elementor-element-355ade5c elementor-section-boxed elementor-section-height-default elementor-section-height-default\" data-id=\"355ade5c\" data-element_type=\"section\" data-e-type=\"section\" data-settings=\"{&quot;background_background&quot;:&quot;classic&quot;}\">\n\t\t\t\t\t\t<div class=\"elementor-container elementor-column-gap-default\">\n\t\t\t\t\t<div class=\"elementor-column elementor-col-100 elementor-top-column elementor-element elementor-element-51f47c2b\" data-id=\"51f47c2b\" data-element_type=\"column\" data-e-type=\"column\">\n\t\t\t<div class=\"elementor-widget-wrap elementor-element-populated\">\n\t\t\t\t\t\t<section class=\"elementor-section elementor-inner-section elementor-element elementor-element-562e864a elementor-section-boxed elementor-section-height-default elementor-section-height-default\" data-id=\"562e864a\" data-element_type=\"section\" data-e-type=\"section\" data-settings=\"{&quot;background_background&quot;:&quot;classic&quot;}\">\n\t\t\t\t\t\t<div class=\"elementor-container elementor-column-gap-default\">\n\t\t\t\t\t<div class=\"elementor-column elementor-col-50 elementor-inner-column elementor-element elementor-element-3c051cdd\" data-id=\"3c051cdd\" data-element_type=\"column\" data-e-type=\"column\">\n\t\t\t<div class=\"elementor-widget-wrap elementor-element-populated\">\n\t\t\t\t\t\t<div class=\"elementor-element elementor-element-dbc6f01 elementor-widget elementor-widget-image\" data-id=\"dbc6f01\" data-element_type=\"widget\" data-e-type=\"widget\" data-widget_type=\"image.default\">\n\t\t\t\t<div class=\"elementor-widget-container\">\n\t\t\t\t\t\t\t\t\t\t\t\t\t\t\t<img fetchpriority=\"high\" decoding=\"async\" width=\"643\" height=\"720\" src=\"https:\/\/biznalar.com\/wp-content\/uploads\/2018\/07\/pic17-free-img.png\" class=\"attachment-large size-large wp-image-1912\" alt=\"\" srcset=\"https:\/\/biznalar.com\/wp-content\/uploads\/2018\/07\/pic17-free-img.png 643w, https:\/\/biznalar.com\/wp-content\/uploads\/2018\/07\/pic17-free-img-268x300.png 268w\" sizes=\"(max-width: 643px) 100vw, 643px\" \/>\t\t\t\t\t\t\t\t\t\t\t\t\t\t\t<\/div>\n\t\t\t\t<\/div>\n\t\t\t\t\t<\/div>\n\t\t<\/div>\n\t\t\t\t<div class=\"elementor-column elementor-col-50 elementor-inner-column elementor-element elementor-element-4b4d832e\" data-id=\"4b4d832e\" data-element_type=\"column\" data-e-type=\"column\">\n\t\t\t<div class=\"elementor-widget-wrap elementor-element-populated\">\n\t\t\t\t\t\t<div class=\"elementor-element elementor-element-435a04c9 elementor-widget elementor-widget-text-editor\" data-id=\"435a04c9\" data-element_type=\"widget\" data-e-type=\"widget\" data-widget_type=\"text-editor.default\">\n\t\t\t\t<div class=\"elementor-widget-container\">\n\t\t\t\t\t\t\t\t\t<p>M. Antonio Tor\u00e9 Tor\u00e9, surnomm\u00e9 \u00ab\u00a0Toto\u00a0\u00bb, est consid\u00e9r\u00e9 comme l&rsquo;un des principaux promoteurs de l&rsquo;industrie touristique de M\u00e1laga. Entre 1966 et 1975 (ann\u00e9e de son d\u00e9c\u00e8s), il a construit et promu plus de 3 200 logements dans la municipalit\u00e9 de V\u00e9lez-M\u00e1laga, presque tous \u00e0 Torre del Mar, cr\u00e9ant une destination touristique unique qui perdure dans le temps.<br>Il n&rsquo;a pas seulement construit les logements, mais a \u00e9galement attir\u00e9 l&rsquo;attention des Europ\u00e9ens sur le petit village de p\u00eacheurs de Torre del Mar, en apportant la fa\u00e7on de vivre malagu\u00e8ne et andalouse dans leurs pays et en invitant beaucoup d&rsquo;entre eux \u00e0 passer quelques jours sur la c\u00f4te malagu\u00e8ne pour s&rsquo;impr\u00e9gner de son essence. Cette technique de promotion \u00e9tait tr\u00e8s avant-gardiste pour l&rsquo;\u00e9poque, et son r\u00e9sultat direct a \u00e9t\u00e9 la cr\u00e9ation de petites communaut\u00e9s d&rsquo;\u00e9trangers, qui ont transmis la tradition de r\u00e9sider une partie de l&rsquo;ann\u00e9e sur la c\u00f4te orientale de M\u00e1laga de g\u00e9n\u00e9ration en g\u00e9n\u00e9ration.<br>Ses enfants ont poursuivi le travail de M. Antonio Tor\u00e9 Tor\u00e9, consacrant leurs efforts \u00e0 rendre les logements de Torre del Mar accessibles \u00e0 tous leurs clients, favorisant ainsi la croissance de la municipalit\u00e9.<br>Juan De Dios Tor\u00e9 Vivar a poursuivi l&rsquo;h\u00e9ritage de son p\u00e8re en fondant Constructora Promotora Biznalar S.L., qui, avec le m\u00eame esprit entrepreneurial et proche, a promu et construit plus de 2 000 logements et continue de le faire, maintenant avec l&rsquo;aide de ses enfants, qui, en tant que troisi\u00e8me g\u00e9n\u00e9ration, sont impliqu\u00e9s dans l&rsquo;entreprise familiale.<br>Constructora Promotora Biznalar S.L. continue \u00e0 servir ses clients en face \u00e0 face. Ses gestionnaires ne sont pas seulement des responsables, mais aussi des commerciaux, des architectes et les personnes responsables de prendre en charge les clients avec proximit\u00e9, en parlant, en voyant et en \u00e9coutant, sans pare-feu, sans r\u00e9pondeurs automatiques. <br>Engag\u00e9s pour l&rsquo;accessibilit\u00e9 \u00e9conomique de leurs clients \u00e0 leurs promotions et offrant des moyens flexibles d&rsquo;y acc\u00e9der, un avenir prometteur se profile pour Biznalar.<br>Chaque seconde compte, chaque logement est personnel.<\/p>\t\t\t\t\t\t\t\t<\/div>\n\t\t\t\t<\/div>\n\t\t\t\t\t<\/div>\n\t\t<\/div>\n\t\t\t\t\t<\/div>\n\t\t<\/section>\n\t\t\t\t<section class=\"elementor-section elementor-inner-section elementor-element elementor-element-4530dc4 elementor-section-boxed elementor-section-height-default elementor-section-height-default\" data-id=\"4530dc4\" data-element_type=\"section\" data-e-type=\"section\" data-settings=\"{&quot;background_background&quot;:&quot;classic&quot;}\">\n\t\t\t\t\t\t<div class=\"elementor-container elementor-column-gap-default\">\n\t\t\t\t\t<div class=\"elementor-column elementor-col-100 elementor-inner-column elementor-element elementor-element-89f3e69\" data-id=\"89f3e69\" data-element_type=\"column\" data-e-type=\"column\">\n\t\t\t<div class=\"elementor-widget-wrap\">\n\t\t\t\t\t\t\t<\/div>\n\t\t<\/div>\n\t\t\t\t\t<\/div>\n\t\t<\/section>\n\t\t\t\t\t<\/div>\n\t\t<\/div>\n\t\t\t\t\t<\/div>\n\t\t<\/section>\n\t\t\t\t<\/div>\n\t\t","protected":false},"excerpt":{"rendered":"<p>L&rsquo;entreprise Une entreprise familiale avec plus de 50 ans d&rsquo;histoire dans la construction et la promotion de logements et de locaux commerciaux. M. Antonio Tor\u00e9 Tor\u00e9, surnomm\u00e9 \u00ab\u00a0Toto\u00a0\u00bb, est consid\u00e9r\u00e9 comme l&rsquo;un des principaux promoteurs de l&rsquo;industrie touristique de M\u00e1laga. Entre 1966 et 1975 (ann\u00e9e de son d\u00e9c\u00e8s), il a construit et promu plus de [&hellip;]<\/p>\n","protected":false},"author":1,"featured_media":0,"parent":0,"menu_order":0,"comment_status":"closed","ping_status":"closed","template":"","meta":{"site-sidebar-layout":"no-sidebar","site-content-layout":"page-builder","ast-site-content-layout":"full-width-container","site-content-style":"unboxed","site-sidebar-style":"unboxed","ast-global-header-display":"","ast-banner-title-visibility":"","ast-main-header-display":"","ast-hfb-above-header-display":"","ast-hfb-below-header-display":"","ast-hfb-mobile-header-display":"","site-post-title":"disabled","ast-breadcrumbs-content":"","ast-featured-img":"disabled","footer-sml-layout":"","ast-disable-related-posts":"","theme-transparent-header-meta":"enabled","adv-header-id-meta":"","stick-header-meta":"default","header-above-stick-meta":"","header-main-stick-meta":"","header-below-stick-meta":"","astra-migrate-meta-layouts":"default","ast-page-background-enabled":"default","ast-page-background-meta":{"desktop":{"background-color":"","background-image":"","background-repeat":"repeat","background-position":"center center","background-size":"auto","background-attachment":"scroll","background-type":"","background-media":"","overlay-type":"","overlay-color":"","overlay-opacity":"","overlay-gradient":""},"tablet":{"background-color":"","background-image":"","background-repeat":"repeat","background-position":"center center","background-size":"auto","background-attachment":"scroll","background-type":"","background-media":"","overlay-type":"","overlay-color":"","overlay-opacity":"","overlay-gradient":""},"mobile":{"background-color":"","background-image":"","background-repeat":"repeat","background-position":"center center","background-size":"auto","background-attachment":"scroll","background-type":"","background-media":"","overlay-type":"","overlay-color":"","overlay-opacity":"","overlay-gradient":""}},"ast-content-background-meta":{"desktop":{"background-color":"var(--ast-global-color-5)","background-image":"","background-repeat":"repeat","background-position":"center center","background-size":"auto","background-attachment":"scroll","background-type":"","background-media":"","overlay-type":"","overlay-color":"","overlay-opacity":"","overlay-gradient":""},"tablet":{"background-color":"var(--ast-global-color-5)","background-image":"","background-repeat":"repeat","background-position":"center center","background-size":"auto","background-attachment":"scroll","background-type":"","background-media":"","overlay-type":"","overlay-color":"","overlay-opacity":"","overlay-gradient":""},"mobile":{"background-color":"var(--ast-global-color-5)","background-image":"","background-repeat":"repeat","background-position":"center center","background-size":"auto","background-attachment":"scroll","background-type":"","background-media":"","overlay-type":"","overlay-color":"","overlay-opacity":"","overlay-gradient":""}},"_joinchat":[],"footnotes":""},"class_list":["post-1910","page","type-page","status-publish","hentry"],"_links":{"self":[{"href":"https:\/\/biznalar.com\/fr\/wp-json\/wp\/v2\/pages\/1910","targetHints":{"allow":["GET"]}}],"collection":[{"href":"https:\/\/biznalar.com\/fr\/wp-json\/wp\/v2\/pages"}],"about":[{"href":"https:\/\/biznalar.com\/fr\/wp-json\/wp\/v2\/types\/page"}],"author":[{"embeddable":true,"href":"https:\/\/biznalar.com\/fr\/wp-json\/wp\/v2\/users\/1"}],"replies":[{"embeddable":true,"href":"https:\/\/biznalar.com\/fr\/wp-json\/wp\/v2\/comments?post=1910"}],"version-history":[{"count":1,"href":"https:\/\/biznalar.com\/fr\/wp-json\/wp\/v2\/pages\/1910\/revisions"}],"predecessor-version":[{"id":1924,"href":"https:\/\/biznalar.com\/fr\/wp-json\/wp\/v2\/pages\/1910\/revisions\/1924"}],"wp:attachment":[{"href":"https:\/\/biznalar.com\/fr\/wp-json\/wp\/v2\/media?parent=1910"}],"curies":[{"name":"wp","href":"https:\/\/api.w.org\/{rel}","templated":true}]}}