{"id":1850,"date":"2024-09-23T15:45:55","date_gmt":"2024-09-23T13:45:55","guid":{"rendered":"https:\/\/biznalar.com\/avis-juridique\/"},"modified":"2025-05-07T10:33:08","modified_gmt":"2025-05-07T08:33:08","slug":"avis-juridique","status":"publish","type":"page","link":"https:\/\/biznalar.com\/fr\/avis-juridique\/","title":{"rendered":"Avis juridique"},"content":{"rendered":"\t\t<div data-elementor-type=\"wp-post\" data-elementor-id=\"1850\" class=\"elementor elementor-1850 elementor-1641\">\n\t\t\t\t\t\t<section class=\"elementor-section elementor-top-section elementor-element elementor-element-02016c6 elementor-section-boxed elementor-section-height-default elementor-section-height-default\" data-id=\"02016c6\" data-element_type=\"section\" data-e-type=\"section\" data-settings=\"{&quot;background_background&quot;:&quot;classic&quot;}\">\n\t\t\t\t\t\t\t<div class=\"elementor-background-overlay\"><\/div>\n\t\t\t\t\t\t\t<div class=\"elementor-container elementor-column-gap-default\">\n\t\t\t\t\t<div class=\"elementor-column elementor-col-50 elementor-top-column elementor-element elementor-element-5e54ded\" data-id=\"5e54ded\" data-element_type=\"column\" data-e-type=\"column\">\n\t\t\t<div class=\"elementor-widget-wrap elementor-element-populated\">\n\t\t\t\t\t\t<div class=\"elementor-element elementor-element-8da83e4 elementor-widget elementor-widget-heading\" data-id=\"8da83e4\" data-element_type=\"widget\" data-e-type=\"widget\" data-widget_type=\"heading.default\">\n\t\t\t\t<div class=\"elementor-widget-container\">\n\t\t\t\t\t<h1 class=\"elementor-heading-title elementor-size-default\">Avis juridique<\/h1>\t\t\t\t<\/div>\n\t\t\t\t<\/div>\n\t\t\t\t\t<\/div>\n\t\t<\/div>\n\t\t\t\t<div class=\"elementor-column elementor-col-50 elementor-top-column elementor-element elementor-element-b27e682\" data-id=\"b27e682\" data-element_type=\"column\" data-e-type=\"column\">\n\t\t\t<div class=\"elementor-widget-wrap\">\n\t\t\t\t\t\t\t<\/div>\n\t\t<\/div>\n\t\t\t\t\t<\/div>\n\t\t<\/section>\n\t\t\t\t<section class=\"elementor-section elementor-top-section elementor-element elementor-element-4cbd808 elementor-section-boxed elementor-section-height-default elementor-section-height-default\" data-id=\"4cbd808\" data-element_type=\"section\" data-e-type=\"section\" data-settings=\"{&quot;background_background&quot;:&quot;classic&quot;}\">\n\t\t\t\t\t\t<div class=\"elementor-container elementor-column-gap-default\">\n\t\t\t\t\t<div class=\"elementor-column elementor-col-100 elementor-top-column elementor-element elementor-element-63d0364\" data-id=\"63d0364\" data-element_type=\"column\" data-e-type=\"column\" data-settings=\"{&quot;background_background&quot;:&quot;classic&quot;}\">\n\t\t\t<div class=\"elementor-widget-wrap elementor-element-populated\">\n\t\t\t\t\t\t<div class=\"elementor-element elementor-element-11bc4ec elementor-widget__width-initial elementor-widget elementor-widget-text-editor\" data-id=\"11bc4ec\" data-element_type=\"widget\" data-e-type=\"widget\" data-widget_type=\"text-editor.default\">\n\t\t\t\t<div class=\"elementor-widget-container\">\n\t\t\t\t\t\t\t\t\t<div class=\"row\"><div class=\"col-xl-10 mx-auto\"><div class=\"paper\"><header class=\"text-center\"><div class=\"row\"><div class=\"col col-xl-10 mx-auto\"><div class=\"paper\"><header class=\"text-center\"><h4><span style=\"font-size: 1.5em; font-weight: bold;\">I. INFORMATIONS G\u00c9N\u00c9RALES<\/span><\/h4><\/header><div><p>Conform\u00e9ment \u00e0 l&rsquo;obligation d&rsquo;information pr\u00e9vue par la loi 34\/2002 sur les services de la soci\u00e9t\u00e9 de l&rsquo;information et le commerce \u00e9lectronique (LSSI-CE) du 11 juillet, les informations g\u00e9n\u00e9rales suivantes concernant ce site web sont fournies :<\/p><p class=\"ng-hide\">La propri\u00e9t\u00e9 de ce site web, <span class=\"blanc-space ng-binding\">www.biznalar.com<\/span>, (ci-apr\u00e8s, Site Web) appartient \u00e0 : , avec NIF : , et dont les coordonn\u00e9es sont :<\/p><p class=\"\">La propri\u00e9t\u00e9 de ce site web, <span class=\"blanc-space ng-binding\">www.biznalar.com<\/span>, (ci-apr\u00e8s, Site Web) appartient \u00e0 : <span class=\"blanc-space ng-binding\">Constructora Promotora Biznalar S.L<\/span>., avec NIF : <span class=\"blanc-space ng-binding\">B29701505<\/span> et enregistr\u00e9e \u00e0 : avec les coordonn\u00e9es d&rsquo;enregistrement suivantes : , dont le repr\u00e9sentant est : , et dont les coordonn\u00e9es sont :<\/p><p>Adresse : <span class=\"blanc-space ng-binding\">C\/ DEL MAR, 23 1&amp; CD<\/span><\/p><p>T\u00e9l\u00e9phone de contact : <span class=\"blanc-space ng-binding\">952542992<\/span><\/p><p class=\"ng-hide\">Fax:<\/p><p>Email de contact : <span class=\"blanc-space ng-binding\">tovel@biznalar.com<\/span><\/p><h3>II. CONDITIONS G\u00c9N\u00c9RALES D\u2019UTILISATION <\/h3><h4>Objet des conditions : Le Site Web<\/h4><p>Fran\u00e7ais: L&rsquo;objet des pr\u00e9sentes Conditions G\u00e9n\u00e9rales d&rsquo;Utilisation (ci-apr\u00e8s, Conditions) est de r\u00e9glementer l&rsquo;acc\u00e8s et l&rsquo;utilisation du Site Web. Aux fins des pr\u00e9sentes Conditions, on entend par Site Web : l&rsquo;apparence ext\u00e9rieure des interfaces d&rsquo;\u00e9cran, tant de mani\u00e8re statique que dynamique, c&rsquo;est-\u00e0-dire l&rsquo;arborescence de navigation ; ainsi que tous les \u00e9l\u00e9ments int\u00e9gr\u00e9s tant dans les interfaces d&rsquo;\u00e9cran que dans l&rsquo;arborescence de navigation (ci-apr\u00e8s, Contenus) et tous les services ou ressources en ligne qui pourraient \u00eatre propos\u00e9s aux Utilisateurs (ci-apr\u00e8s, Services). <\/p><p><span class=\"blanc-space ng-binding\">Construcciones Biznalar<\/span> se r\u00e9serve le droit de modifier, \u00e0 tout moment et sans pr\u00e9avis, la pr\u00e9sentation et la configuration du Site Web ainsi que les Contenus et Services qui pourraient y \u00eatre int\u00e9gr\u00e9s. L&rsquo;Utilisateur reconna\u00eet et accepte qu&rsquo;\u00e0 tout moment, <span class=\"blanc-space ng-binding\">Construcciones Biznalar<\/span> puisse interrompre, d\u00e9sactiver et\/ou supprimer tout \u00e9l\u00e9ment int\u00e9gr\u00e9 au Site Web ou l&rsquo;acc\u00e8s \u00e0 ceux-ci. <\/p><p>L&rsquo;acc\u00e8s au Site Web par l&rsquo;Utilisateur est libre et, en r\u00e8gle g\u00e9n\u00e9rale, gratuit, sans que l&rsquo;Utilisateur ait \u00e0 fournir une contrepartie pour en b\u00e9n\u00e9ficier, sauf en ce qui concerne le co\u00fbt de la connexion via le r\u00e9seau de t\u00e9l\u00e9communications fourni par le fournisseur d&rsquo;acc\u00e8s que l&rsquo;Utilisateur a contract\u00e9.<\/p><p class=\"ng-hide\">Outre le co\u00fbt de connexion via le r\u00e9seau de t\u00e9l\u00e9communications fourni par le fournisseur d&rsquo;acc\u00e8s contract\u00e9 par l&rsquo;Utilisateur, certains Contenus ou Services propos\u00e9s par <span class=\"blanc-space ng-binding\">Construcciones Biznalar<\/span> ou, le cas \u00e9ch\u00e9ant, par des tiers via le Site Web peuvent \u00eatre soumis \u00e0 une souscription pr\u00e9alable du Contenu ou Service, auquel cas les Conditions G\u00e9n\u00e9rales ou Particuli\u00e8res applicables seront clairement pr\u00e9cis\u00e9es et\/ou mises \u00e0 disposition de l&rsquo;Utilisateur.<\/p><p>L&rsquo;utilisation de certains Contenus ou Services du Site Web peut n\u00e9cessiter une souscription ou un enregistrement pr\u00e9alable de l&rsquo;Utilisateur.<\/p><p class=\"ng-hide\">L&rsquo;utilisation des Contenus ne n\u00e9cessite aucune souscription ni enregistrement pr\u00e9alable.<\/p><h4>L&rsquo;Utilisateur<\/h4><p>L&rsquo;acc\u00e8s, la navigation et l&rsquo;utilisation du Site Web, ainsi que les espaces permettant l&rsquo;interaction entre les Utilisateurs, et entre l&rsquo;Utilisateur et <span class=\"blanc-space ng-binding\">Construcciones Biznalar<\/span>, tels que les commentaires et\/ou les espaces de blogging, conf\u00e8rent la qualit\u00e9 d&rsquo;Utilisateur, de sorte qu&rsquo;en d\u00e9butant la navigation sur le Site Web, l&rsquo;Utilisateur accepte toutes les Conditions ici \u00e9nonc\u00e9es, ainsi que leurs modifications ult\u00e9rieures, sans pr\u00e9judice de l&rsquo;application de la r\u00e9glementation l\u00e9gale correspondante de caract\u00e8re obligatoire selon le cas. \u00c9tant donn\u00e9 l&rsquo;importance de ce qui pr\u00e9c\u00e8de, il est recommand\u00e9 \u00e0 l&rsquo;Utilisateur de les lire \u00e0 chaque visite du Site Web. <\/p><p>Le Site Web de <span class=\"blanc-space ng-binding\">Construcciones Biznalar<\/span> fournit une grande diversit\u00e9 d&rsquo;informations, de services et de donn\u00e9es. L&rsquo;Utilisateur assume sa responsabilit\u00e9 pour faire un usage correct du Site Web. Cette responsabilit\u00e9 s&rsquo;\u00e9tendra \u00e0 :  <\/p><ul><li>L&rsquo;utilisation des informations, Contenus et\/ou Services et donn\u00e9es offerts par <span class=\"blanc-space ng-binding\">Construcciones Biznalar<\/span> qui ne soit pas contraire aux dispositions des pr\u00e9sentes Conditions, \u00e0 la Loi, \u00e0 la morale ou \u00e0 l&rsquo;ordre public, ou qui de toute autre mani\u00e8re puisse porter atteinte aux droits des tiers ou au bon fonctionnement du Site Web.<\/li><li>La v\u00e9racit\u00e9 et la l\u00e9galit\u00e9 des informations fournies par l&rsquo;Utilisateur dans les formulaires fournis par <span class=\"blanc-space ng-binding\">Construcciones Biznalar<\/span> pour l&rsquo;acc\u00e8s \u00e0 certains Contenus ou Services offerts sur le Site Web. Dans tous les cas, l&rsquo;Utilisateur informera imm\u00e9diatement <span class=\"blanc-space ng-binding\">Construcciones Biznalar<\/span> de tout \u00e9v\u00e9nement permettant l&rsquo;utilisation abusive des informations enregistr\u00e9es dans ces formulaires, tels que, mais sans s&rsquo;y limiter, le vol, la perte ou l&rsquo;acc\u00e8s non autoris\u00e9 aux identifiants et\/ou mots de passe, afin de proc\u00e9der \u00e0 leur annulation imm\u00e9diate. <\/li><\/ul><p><span class=\"blanc-space ng-binding\">Construcciones Biznalar<\/span> se r\u00e9serve le droit de retirer tous les commentaires et contributions qui enfreignent la loi, le respect de la dignit\u00e9 humaine, qui sont discriminatoires, x\u00e9nophobes, racistes, pornographiques, du spam, qui portent atteinte \u00e0 la jeunesse ou \u00e0 l&rsquo;enfance, \u00e0 l&rsquo;ordre public ou \u00e0 la s\u00e9curit\u00e9, ou qui, selon son avis, ne sont pas appropri\u00e9s \u00e0 la publication.<\/p><p>Dans tous les cas, <span class=\"blanc-space ng-binding\">Construcciones Biznalar<\/span> ne sera pas responsable des opinions exprim\u00e9es par les Utilisateurs \u00e0 travers les commentaires ou autres outils de blogging ou de participation qui pourraient \u00eatre disponibles.<\/p><p>Le simple acc\u00e8s \u00e0 ce Site Web n&rsquo;\u00e9tablit aucune relation commerciale entre <span class=\"blanc-space ng-binding\">Construcciones Biznalar<\/span> et l&rsquo;Utilisateur.<\/p><p>L&rsquo;Utilisateur d\u00e9clare \u00eatre majeur et avoir la capacit\u00e9 juridique suffisante pour \u00eatre li\u00e9 par les pr\u00e9sentes Conditions. Par cons\u00e9quent, ce Site Web de <span class=\"blanc-space ng-binding\">Construcciones Biznalar<\/span> n&rsquo;est pas destin\u00e9 aux mineurs. <span class=\"blanc-space ng-binding\">Construcciones Biznalar<\/span> d\u00e9cline toute responsabilit\u00e9 en cas de non-respect de cette exigence. <\/p><p class=\"ng-hide\">Toujours dans le respect de la l\u00e9gislation en vigueur, ce Site Web de <span class=\"blanc-space ng-binding\">Construcciones Biznalar<\/span> s&rsquo;adresse \u00e0 toutes les personnes, quel que soit leur \u00e2ge, qui peuvent acc\u00e9der et\/ou naviguer sur les pages du Site Web.<\/p><p>Le Site Web est principalement destin\u00e9 aux Utilisateurs r\u00e9sidant en <span class=\"blanc-space ng-binding\">Espagne<\/span>. <span class=\"blanc-space ng-binding\">Construcciones Biznalar<\/span> ne garantit pas que le Site Web soit conforme \u00e0 la l\u00e9gislation d&rsquo;autres pays, en tout ou en partie. Si l&rsquo;Utilisateur r\u00e9side ou est domicili\u00e9 ailleurs et d\u00e9cide d&rsquo;acc\u00e9der et\/ou de naviguer sur le Site Web, il le fait sous sa propre responsabilit\u00e9, et doit s&rsquo;assurer que cet acc\u00e8s et cette navigation respectent la l\u00e9gislation locale qui lui est applicable, <span class=\"blanc-space ng-binding\">Construcciones Biznalar<\/span> d\u00e9clinant toute responsabilit\u00e9 pouvant d\u00e9couler de cet acc\u00e8s. <\/p><h3>III. ACC\u00c8S ET NAVIGATION SUR LE SITE WEB : EXCLUSION DE GARANTIES ET DE RESPONSABILIT\u00c9 <\/h3><p><span class=\"blanc-space ng-binding\">Construcciones Biznalar<\/span> ne garantit pas la continuit\u00e9, la disponibilit\u00e9 et l&rsquo;utilit\u00e9 du Site Web, ni des Contenus ou Services. <span class=\"blanc-space ng-binding\">Construcciones Biznalar<\/span> fera de son mieux pour assurer le bon fonctionnement du Site Web, cependant, elle ne prend pas la responsabilit\u00e9 ni ne garantit que l&rsquo;acc\u00e8s \u00e0 ce Site Web soit ininterrompu ou exempt d&rsquo;erreurs.<\/p><p>Elle ne prend pas non plus la responsabilit\u00e9 ni ne garantit que le contenu ou le logiciel auquel il est possible d&rsquo;acc\u00e9der via ce Site Web soit exempt d&rsquo;erreurs ou ne cause des dommages au syst\u00e8me informatique (logiciel et mat\u00e9riel) de l&rsquo;Utilisateur. En aucun cas, <span class=\"blanc-space ng-binding\">Construcciones Biznalar<\/span> ne sera responsable des pertes, dommages ou pr\u00e9judices de quelque nature que ce soit r\u00e9sultant de l&rsquo;acc\u00e8s, de la navigation et de l&rsquo;utilisation du Site Web, y compris, mais sans s&rsquo;y limiter, ceux caus\u00e9s aux syst\u00e8mes informatiques ou ceux provoqu\u00e9s par l&rsquo;introduction de virus. <\/p><p><span class=\"blanc-space ng-binding\">Construcciones Biznalar<\/span> ne saurait non plus \u00eatre responsable des dommages pouvant \u00eatre caus\u00e9s aux utilisateurs par une mauvaise utilisation de ce Site Web. En particulier, elle n&rsquo;est en aucun cas responsable des pannes, interruptions, ou d\u00e9faillances des t\u00e9l\u00e9communications qui pourraient survenir. <\/p><h3>IV. POLITIQUE DE LIENS <\/h3><p>Il est inform\u00e9 que le Site Web de <span class=\"blanc-space ng-binding\">Construcciones Biznalar<\/span> met ou peut mettre \u00e0 la disposition des Utilisateurs des moyens de lien (tels que, entre autres, des liens, des banni\u00e8res, des boutons), des annuaires et des moteurs de recherche permettant aux Utilisateurs d&rsquo;acc\u00e9der \u00e0 des sites web appartenant et\/ou g\u00e9r\u00e9s par des tiers.<\/p><p>L&rsquo;installation de ces liens, annuaires et moteurs de recherche sur le Site Web a pour but de faciliter la recherche et l&rsquo;acc\u00e8s des Utilisateurs \u00e0 l&rsquo;information disponible sur Internet, sans que cela puisse \u00eatre consid\u00e9r\u00e9 comme une suggestion, une recommandation ou une invitation \u00e0 les visiter.<\/p><p><span class=\"blanc-space ng-binding\">Construcciones Biznalar<\/span> ne propose ni ne commercialise elle-m\u00eame ni par l&rsquo;interm\u00e9diaire de tiers les produits et\/ou services disponibles sur ces sites li\u00e9s.<\/p><p class=\"ng-hide\"><span class=\"blanc-space ng-binding\">Construcciones Biznalar<\/span> propose des contenus sponsoris\u00e9s, des publicit\u00e9s et\/ou des liens d&rsquo;affiliation. Les informations figurant dans ces liens d&rsquo;affiliation ou les publicit\u00e9s ins\u00e9r\u00e9es sont fournies par les annonceurs eux-m\u00eames, de sorte que <span class=\"blanc-space ng-binding\">Construcciones Biznalar<\/span> ne peut \u00eatre tenue responsable des \u00e9ventuelles inexactitudes ou erreurs contenues dans les publicit\u00e9s, ni garantir en aucun cas l&rsquo;exp\u00e9rience, l&rsquo;int\u00e9grit\u00e9 ou la responsabilit\u00e9 des annonceurs ou la qualit\u00e9 de leurs produits et\/ou services. <\/p><p>De m\u00eame, il ne garantira pas la disponibilit\u00e9 technique, l&rsquo;exactitude, la v\u00e9racit\u00e9, la validit\u00e9 ou la l\u00e9galit\u00e9 des sites externes \u00e0 sa propri\u00e9t\u00e9 auxquels il est possible d&rsquo;acc\u00e9der par le biais des liens.<\/p><p><span class=\"blanc-space ng-binding\">Construcciones Biznalar<\/span> ne r\u00e9visera ni ne contr\u00f4lera en aucun cas le contenu d&rsquo;autres sites Web, ni n&rsquo;approuve, n&rsquo;examine ou ne fait siens les produits et services, contenus, fichiers et tout autre mat\u00e9riel existant sur les sites li\u00e9s r\u00e9f\u00e9renc\u00e9s.<\/p><p><span class=\"blanc-space ng-binding\">Construcciones Biznalar<\/span> ne assume aucune responsabilit\u00e9 pour les dommages et pertes pouvant r\u00e9sulter de l&rsquo;acc\u00e8s, de l&rsquo;utilisation, de la qualit\u00e9 ou de la l\u00e9galit\u00e9 des contenus, communications, opinions, produits et services de sites web non g\u00e9r\u00e9s par <span class=\"blanc-space ng-binding\">Construcciones Biznalar<\/span> et li\u00e9s \u00e0 ce site web.<\/p><p>L&rsquo;utilisateur ou le tiers qui cr\u00e9e un lien hypertexte depuis une page web d&rsquo;un autre site web distinct vers le site web de <span class=\"blanc-space ng-binding\">Construcciones Biznalar<\/span> doit savoir que :<\/p><p>La reproduction \u2014totale ou partielle\u2014 de l&rsquo;un quelconque des Contenus et\/ou Services du Site Web n&rsquo;est pas autoris\u00e9e sans l&rsquo;autorisation expresse de <span class=\"blanc-space ng-binding\">Construcciones Biznalar<\/span>.<\/p><p>Il n&rsquo;est pas non plus permis de faire de d\u00e9clarations fausses, inexactes ou incorrectes concernant le site web de <span class=\"blanc-space ng-binding\">Construcciones Biznalar<\/span>, ni concernant ses Contenus et\/ou Services.<\/p><p>\u00c0 l&rsquo;exception du lien hypertexte, le site web sur lequel ce lien est \u00e9tabli ne contiendra aucun \u00e9l\u00e9ment de ce Site Web prot\u00e9g\u00e9 par la propri\u00e9t\u00e9 intellectuelle selon la l\u00e9gislation espagnole, sauf autorisation expresse de <span class=\"blanc-space ng-binding\">Construcciones Biznalar<\/span>.<\/p><p>L&rsquo;\u00e9tablissement du lien hypertexte n&rsquo;impliquera pas l&rsquo;existence d&rsquo;une relation entre <span class=\"blanc-space ng-binding\">Construcciones Biznalar<\/span> et le propri\u00e9taire du site web \u00e0 partir duquel il est cr\u00e9\u00e9, ni la connaissance et l&rsquo;acceptation par <span class=\"blanc-space ng-binding\">Construcciones Biznalar<\/span> des contenus, services et\/ou activit\u00e9s offerts sur ce site web, et vice versa.<\/p><h3>V. PROPRI\u00c9T\u00c9 INTELLECTUELLE ET INDUSTRIELLE<\/h3><p><span class=\"blanc-space ng-binding\">Construcciones Biznalar<\/span>, directement ou en tant que cessionnaire, est titulaire de tous les droits de propri\u00e9t\u00e9 intellectuelle et industrielle du site Web, ainsi que des \u00e9l\u00e9ments contenus dans celui-ci (y compris mais sans s&rsquo;y limiter, images, son, audio, vid\u00e9o, logiciels ou textes, marques ou logos, combinaisons de couleurs, structure et design, s\u00e9lection des mat\u00e9riaux utilis\u00e9s, programmes informatiques n\u00e9cessaires \u00e0 son fonctionnement, acc\u00e8s et utilisation, etc.). Par cons\u00e9quent, ces \u00e9l\u00e9ments sont prot\u00e9g\u00e9s en tant qu&rsquo;\u0153uvres de propri\u00e9t\u00e9 intellectuelle par le droit espagnol, et sont soumis \u00e0 la r\u00e9glementation espagnole et communautaire en la mati\u00e8re, ainsi qu&rsquo;aux trait\u00e9s internationaux relatifs \u00e0 la propri\u00e9t\u00e9 intellectuelle sign\u00e9s par l&rsquo;Espagne. <\/p><p>Tous les droits r\u00e9serv\u00e9s. Conform\u00e9ment \u00e0 la loi sur la propri\u00e9t\u00e9 intellectuelle, la reproduction, la distribution et la communication publique, y compris sous forme de mise \u00e0 disposition, de la totalit\u00e9 ou d&rsquo;une partie des contenus de ce site web, \u00e0 des fins commerciales, sur tout support et par tout moyen technique, sont express\u00e9ment interdites sans l&rsquo;autorisation de <span class=\"blanc-space ng-binding\">Construcciones Biznalar<\/span>. <\/p><p>L&rsquo;utilisateur s&rsquo;engage \u00e0 respecter les droits de propri\u00e9t\u00e9 intellectuelle et industrielle de <span class=\"blanc-space ng-binding\">Construcciones Biznalar<\/span>. Il peut visualiser les \u00e9l\u00e9ments du site Web ou m\u00eame les imprimer, les copier et les stocker sur le disque dur de son ordinateur ou sur tout autre support physique, \u00e0 condition que ce soit exclusivement pour un usage personnel. Cependant, l&rsquo;utilisateur ne pourra pas supprimer, modifier ou manipuler tout dispositif de protection ou syst\u00e8me de s\u00e9curit\u00e9 install\u00e9 sur le site Web.  <\/p><p>Si l&rsquo;utilisateur ou un tiers consid\u00e8re que l&rsquo;un des contenus du site Web viole les droits de protection de la propri\u00e9t\u00e9 intellectuelle, il doit en informer imm\u00e9diatement <span class=\"blanc-space ng-binding\">Construcciones Biznalar<\/span> via les coordonn\u00e9es fournies dans la section INFORMATIONS G\u00c9N\u00c9RALES de cet Avis L\u00e9gal et Conditions G\u00e9n\u00e9rales d&rsquo;Utilisation.<\/p><h3>VI. ACTIONS L\u00c9GALES, L\u00c9GISLATION APPLICABLE ET JURIDICTION <\/h3><p><span class=\"blanc-space ng-binding\">Construcciones Biznalar<\/span> se r\u00e9serve le droit d&rsquo;engager toute action civile ou p\u00e9nale qu&rsquo;elle juge n\u00e9cessaire en cas d&rsquo;utilisation indue du site Web et de ses contenus, ou en cas de non-respect des pr\u00e9sentes conditions.<\/p><p>La relation entre l&rsquo;utilisateur et <span class=\"blanc-space ng-binding\">Construcciones Biznalar<\/span> sera r\u00e9gie par la l\u00e9gislation en vigueur et applicable sur le territoire espagnol. En cas de litige concernant l&rsquo;interpr\u00e9tation et\/ou l&rsquo;application de ces conditions, les parties soumettront leurs diff\u00e9rends \u00e0 la juridiction ordinaire, se soumettant aux juges et tribunaux comp\u00e9tents conform\u00e9ment \u00e0 la loi. <\/p><\/div><\/div><\/div><\/div><\/header><\/div><\/div><\/div>\t\t\t\t\t\t\t\t<\/div>\n\t\t\t\t<\/div>\n\t\t\t\t\t<\/div>\n\t\t<\/div>\n\t\t\t\t\t<\/div>\n\t\t<\/section>\n\t\t\t\t<\/div>\n\t\t","protected":false},"excerpt":{"rendered":"<p>Avis juridique I. INFORMATIONS G\u00c9N\u00c9RALES Conform\u00e9ment \u00e0 l&rsquo;obligation d&rsquo;information pr\u00e9vue par la loi 34\/2002 sur les services de la soci\u00e9t\u00e9 de l&rsquo;information et le commerce \u00e9lectronique (LSSI-CE) du 11 juillet, les informations g\u00e9n\u00e9rales suivantes concernant ce site web sont fournies : La propri\u00e9t\u00e9 de ce site web, www.biznalar.com, (ci-apr\u00e8s, Site Web) appartient \u00e0 : , [&hellip;]<\/p>\n","protected":false},"author":1,"featured_media":0,"parent":0,"menu_order":0,"comment_status":"closed","ping_status":"closed","template":"","meta":{"site-sidebar-layout":"no-sidebar","site-content-layout":"page-builder","ast-site-content-layout":"full-width-container","site-content-style":"unboxed","site-sidebar-style":"unboxed","ast-global-header-display":"","ast-banner-title-visibility":"","ast-main-header-display":"","ast-hfb-above-header-display":"","ast-hfb-below-header-display":"","ast-hfb-mobile-header-display":"","site-post-title":"disabled","ast-breadcrumbs-content":"","ast-featured-img":"disabled","footer-sml-layout":"","ast-disable-related-posts":"","theme-transparent-header-meta":"enabled","adv-header-id-meta":"","stick-header-meta":"","header-above-stick-meta":"","header-main-stick-meta":"","header-below-stick-meta":"","astra-migrate-meta-layouts":"default","ast-page-background-enabled":"default","ast-page-background-meta":{"desktop":{"background-color":"","background-image":"","background-repeat":"repeat","background-position":"center center","background-size":"auto","background-attachment":"scroll","background-type":"","background-media":"","overlay-type":"","overlay-color":"","overlay-opacity":"","overlay-gradient":""},"tablet":{"background-color":"","background-image":"","background-repeat":"repeat","background-position":"center center","background-size":"auto","background-attachment":"scroll","background-type":"","background-media":"","overlay-type":"","overlay-color":"","overlay-opacity":"","overlay-gradient":""},"mobile":{"background-color":"","background-image":"","background-repeat":"repeat","background-position":"center center","background-size":"auto","background-attachment":"scroll","background-type":"","background-media":"","overlay-type":"","overlay-color":"","overlay-opacity":"","overlay-gradient":""}},"ast-content-background-meta":{"desktop":{"background-color":"var(--ast-global-color-5)","background-image":"","background-repeat":"repeat","background-position":"center center","background-size":"auto","background-attachment":"scroll","background-type":"","background-media":"","overlay-type":"","overlay-color":"","overlay-opacity":"","overlay-gradient":""},"tablet":{"background-color":"var(--ast-global-color-5)","background-image":"","background-repeat":"repeat","background-position":"center center","background-size":"auto","background-attachment":"scroll","background-type":"","background-media":"","overlay-type":"","overlay-color":"","overlay-opacity":"","overlay-gradient":""},"mobile":{"background-color":"var(--ast-global-color-5)","background-image":"","background-repeat":"repeat","background-position":"center center","background-size":"auto","background-attachment":"scroll","background-type":"","background-media":"","overlay-type":"","overlay-color":"","overlay-opacity":"","overlay-gradient":""}},"_joinchat":[],"footnotes":""},"class_list":["post-1850","page","type-page","status-publish","hentry"],"_links":{"self":[{"href":"https:\/\/biznalar.com\/fr\/wp-json\/wp\/v2\/pages\/1850","targetHints":{"allow":["GET"]}}],"collection":[{"href":"https:\/\/biznalar.com\/fr\/wp-json\/wp\/v2\/pages"}],"about":[{"href":"https:\/\/biznalar.com\/fr\/wp-json\/wp\/v2\/types\/page"}],"author":[{"embeddable":true,"href":"https:\/\/biznalar.com\/fr\/wp-json\/wp\/v2\/users\/1"}],"replies":[{"embeddable":true,"href":"https:\/\/biznalar.com\/fr\/wp-json\/wp\/v2\/comments?post=1850"}],"version-history":[{"count":1,"href":"https:\/\/biznalar.com\/fr\/wp-json\/wp\/v2\/pages\/1850\/revisions"}],"predecessor-version":[{"id":1851,"href":"https:\/\/biznalar.com\/fr\/wp-json\/wp\/v2\/pages\/1850\/revisions\/1851"}],"wp:attachment":[{"href":"https:\/\/biznalar.com\/fr\/wp-json\/wp\/v2\/media?parent=1850"}],"curies":[{"name":"wp","href":"https:\/\/api.w.org\/{rel}","templated":true}]}}