{"id":1940,"date":"2024-09-18T16:27:57","date_gmt":"2024-09-18T14:27:57","guid":{"rendered":"https:\/\/biznalar.com\/projects\/"},"modified":"2025-05-08T10:36:19","modified_gmt":"2025-05-08T08:36:19","slug":"projects","status":"publish","type":"page","link":"https:\/\/biznalar.com\/en\/projects\/","title":{"rendered":"Projects"},"content":{"rendered":"\t\t<div data-elementor-type=\"wp-post\" data-elementor-id=\"1940\" class=\"elementor elementor-1940 elementor-13\">\n\t\t\t\t\t\t<section class=\"elementor-section elementor-top-section elementor-element elementor-element-3f03320 elementor-section-boxed elementor-section-height-default elementor-section-height-default\" data-id=\"3f03320\" data-element_type=\"section\" data-e-type=\"section\" data-settings=\"{&quot;background_background&quot;:&quot;classic&quot;}\">\n\t\t\t\t\t\t\t<div class=\"elementor-background-overlay\"><\/div>\n\t\t\t\t\t\t\t<div class=\"elementor-container elementor-column-gap-default\">\n\t\t\t\t\t<div class=\"elementor-column elementor-col-50 elementor-top-column elementor-element elementor-element-765a687\" data-id=\"765a687\" data-element_type=\"column\" data-e-type=\"column\">\n\t\t\t<div class=\"elementor-widget-wrap elementor-element-populated\">\n\t\t\t\t\t\t<div class=\"elementor-element elementor-element-413345e elementor-widget elementor-widget-heading\" data-id=\"413345e\" data-element_type=\"widget\" data-e-type=\"widget\" data-widget_type=\"heading.default\">\n\t\t\t\t<div class=\"elementor-widget-container\">\n\t\t\t\t\t<h1 class=\"elementor-heading-title elementor-size-default\">Projects<\/h1>\t\t\t\t<\/div>\n\t\t\t\t<\/div>\n\t\t\t\t<div class=\"elementor-element elementor-element-889eb3b elementor-widget elementor-widget-text-editor\" data-id=\"889eb3b\" data-element_type=\"widget\" data-e-type=\"widget\" data-widget_type=\"text-editor.default\">\n\t\t\t\t<div class=\"elementor-widget-container\">\n\t\t\t\t\t\t\t\t\t<p>Here you can find some of our most iconic projects.<\/p>\t\t\t\t\t\t\t\t<\/div>\n\t\t\t\t<\/div>\n\t\t\t\t\t<\/div>\n\t\t<\/div>\n\t\t\t\t<div class=\"elementor-column elementor-col-50 elementor-top-column elementor-element elementor-element-10a9f8e\" data-id=\"10a9f8e\" data-element_type=\"column\" data-e-type=\"column\">\n\t\t\t<div class=\"elementor-widget-wrap\">\n\t\t\t\t\t\t\t<\/div>\n\t\t<\/div>\n\t\t\t\t\t<\/div>\n\t\t<\/section>\n\t\t<div class=\"elementor-element elementor-element-eccc698 e-flex e-con-boxed e-con e-parent\" data-id=\"eccc698\" data-element_type=\"container\" data-e-type=\"container\">\n\t\t\t\t\t<div class=\"e-con-inner\">\n\t\t<div class=\"elementor-element elementor-element-3dd5901 e-con-full e-flex e-con e-child\" data-id=\"3dd5901\" data-element_type=\"container\" data-e-type=\"container\">\n\t\t\t\t<div class=\"elementor-element elementor-element-984fe7c elementor-widget elementor-widget-text-editor\" data-id=\"984fe7c\" data-element_type=\"widget\" data-e-type=\"widget\" data-widget_type=\"text-editor.default\">\n\t\t\t\t<div class=\"elementor-widget-container\">\n\t\t\t\t\t\t\t\t\t<table style=\"width: 100%; border-collapse: separate; border-spacing: 0; text-align: center; box-shadow: 0 8px 24px rgba(0, 0, 0, 0.2); border-radius: 10px; overflow: hidden;\">\n  <thead style=\"background-color: #006d77; color: white;\">\n    <tr>\n      <th style=\"padding: 10px; border: 1px solid #ccc;\">YEAR<\/th>\n      <th style=\"padding: 10px; border: 1px solid #ccc;\">PROMOTION<\/th>\n      <th style=\"padding: 10px; border: 1px solid #ccc;\">LOCATION<\/th>\n      <th style=\"padding: 10px; border: 1px solid #ccc;\">DETAILS<\/th>\n    <\/tr>\n  <\/thead>\n  <tbody>\n    <tr><td data-label=\"YEAR\">1995<\/td><td data-label=\"PROMOTION\">LA BIZNAGA<\/td><td data-label=\"LOCATION\">URB. CASA VI\u00d1A<\/td><td data-label=\"DETAILS\">23 VIVIENDAS PAREADAS<\/td><\/tr>\n    <tr><td data-label=\"YEAR\">1996\/97<\/td><td data-label=\"PROMOTION\">CONJ. ALAZORES<\/td><td data-label=\"LOCATION\">URB. CASA VI\u00d1A<\/td><td data-label=\"DETAILS\">15 PAREADAS<\/td><\/tr>\n    <tr><td data-label=\"YEAR\">1997\/98<\/td><td data-label=\"PROMOTION\">BRISAS DE LA VI\u00d1A<\/td><td data-label=\"LOCATION\">URB. CASA VI\u00d1A<\/td><td data-label=\"DETAILS\">10 ADOSADAS, 8 PAREADAS Y 15 PARCELAS VIVIENDAS UNIF.<\/td><\/tr>\n    <tr><td data-label=\"YEAR\">1998<\/td><td data-label=\"PROMOTION\">ADOSADAS ROMERIA<\/td><td data-label=\"LOCATION\">URB. CASA VI\u00d1A<\/td><td data-label=\"DETAILS\">13 ADOSADAS<\/td><\/tr>\n    <tr><td data-label=\"YEAR\">1998\/99<\/td><td data-label=\"PROMOTION\">PARCELAS S.P.R.<\/td><td data-label=\"LOCATION\">URB. CASA VI\u00d1A, SECTOR S.P.R.<\/td><td data-label=\"DETAILS\">18 PARCELAS UNIFAMILIARES<\/td><\/tr>\n    <tr><td data-label=\"YEAR\">1998\/99<\/td><td data-label=\"PROMOTION\">EDIFICIO BENTORES<\/td><td data-label=\"LOCATION\">C\/. ROMERO POZO, VELEZ-M\u00c1LAGA<\/td><td data-label=\"DETAILS\">7 PISOS, PLAZAS APARCAMIENTO Y LOCAL<\/td><\/tr>\n    <tr><td data-label=\"YEAR\">1999<\/td><td data-label=\"PROMOTION\">PAREADAS S.P.R.<\/td><td data-label=\"LOCATION\">URB. CASA VI\u00d1A, SECTOR S.P.R.<\/td><td data-label=\"DETAILS\">11 PAREADAS<\/td><\/tr>\n    <tr><td data-label=\"YEAR\">1999\/2000<\/td><td data-label=\"PROMOTION\">PAREADAS ROMERIA<\/td><td data-label=\"LOCATION\">URB. CASA VI\u00d1A, SECTOR ADS-6<\/td><td data-label=\"DETAILS\">23 PAREADAS<\/td><\/tr>\n    <tr><td data-label=\"YEAR\">2000<\/td><td data-label=\"PROMOTION\">VILLAS ROMERIA<\/td><td data-label=\"LOCATION\">URB. CASA VI\u00d1A, SECTOR S.P.R.<\/td><td data-label=\"DETAILS\">7 VIVIENDAS UNIFAMILIARES<\/td><\/tr>\n    <tr><td data-label=\"YEAR\">2000\/01<\/td><td data-label=\"PROMOTION\">EDIFICIO VILLA CATIANA<\/td><td data-label=\"LOCATION\">SUP.T-13, TORRE DEL MAR<\/td><td data-label=\"DETAILS\">48 PISOS, 54 PLAZAS DE APARCAMIENTO Y LOCAL<\/td><\/tr>\n    <tr><td data-label=\"YEAR\">2000\/02<\/td><td data-label=\"PROMOTION\">EDIFICIOS ROMERIA<\/td><td data-label=\"LOCATION\">URB. CASA VI\u00d1A, SECTOR BLM-2<\/td><td data-label=\"DETAILS\">111 PISOS DE V.P.O. REG. ESP., PLAZAS DE APARCAMIENTO Y LOCAL<\/td><\/tr>\n    <tr><td data-label=\"YEAR\">2002<\/td><td data-label=\"PROMOTION\">EDF. ALMENAMAR<\/td><td data-label=\"LOCATION\">JUNTO AL SECTOR AUL-1, ALGARROBO COSTA<\/td><td data-label=\"DETAILS\">60 VIVIENDAS + LOCALES + PLAZAS APARCAMIENTO<\/td><\/tr>\n    <tr><td data-label=\"YEAR\">2002<\/td><td data-label=\"PROMOTION\">24 ADOSADAS-I (AG-3)<\/td><td data-label=\"LOCATION\">SECTOR AUL-1, ALGARROBO COSTA<\/td><td data-label=\"DETAILS\">24 ADOSADAS<\/td><\/tr>\n    <tr><td data-label=\"YEAR\">2003<\/td><td data-label=\"PROMOTION\">VEGAMAR-I<\/td><td data-label=\"LOCATION\">TORRE DEL MAR<\/td><td data-label=\"DETAILS\">6 PAREADAS<\/td><\/tr>\n    <tr><td data-label=\"YEAR\">2003<\/td><td data-label=\"PROMOTION\">24 ADOSADAS-II (AG-2)<\/td><td data-label=\"LOCATION\">SECTOR AUL-1, ALGARROBO COSTA<\/td><td data-label=\"DETAILS\">24 ADOSADAS<\/td><\/tr>\n    <tr><td data-label=\"YEAR\">2003<\/td><td data-label=\"PROMOTION\">16 PAREADAS (S-1)<\/td><td data-label=\"LOCATION\">SECTOR AUL-1, ALGARROBO COSTA<\/td><td data-label=\"DETAILS\">16 PAREADAS<\/td><\/tr>\n    <tr><td data-label=\"YEAR\">2004<\/td><td data-label=\"PROMOTION\">EDF. SAN ANDR\u00c9S (AG-1)<\/td><td data-label=\"LOCATION\">SECTOR AUL-1, ALGARROBO COSTA<\/td><td data-label=\"DETAILS\">25 VIVIENDAS + LOCALES + PLAZAS, GARAJES Y TRASTEROS<\/td><\/tr>\n    <tr><td data-label=\"YEAR\">2004<\/td><td data-label=\"PROMOTION\">24 ADOSADAS-III (AG-4)<\/td><td data-label=\"LOCATION\">SECTOR AUL-1, ALGARROBO COSTA<\/td><td data-label=\"DETAILS\">24 ADOSADAS<\/td><\/tr>\n    <tr><td data-label=\"YEAR\">2005<\/td><td data-label=\"PROMOTION\">EDF. SAN ESTEBAN (AG-5)<\/td><td data-label=\"LOCATION\">SECTOR AUL-1, ALGARROBO COSTA<\/td><td data-label=\"DETAILS\">58 VIVIENDAS + PLAZAS, GARAJES Y TRASTEROS<\/td><\/tr>\n    <tr><td data-label=\"YEAR\">2005\/2006<\/td><td data-label=\"PROMOTION\">16 VILLAS (S-2)<\/td><td data-label=\"LOCATION\">SECTOR AUL-1, ALGARROBO COSTA<\/td><td data-label=\"DETAILS\">10 ADOSADAS Y 6 PAREADAS<\/td><\/tr>\n    <tr><td data-label=\"YEAR\">2005\/2006<\/td><td data-label=\"PROMOTION\">VEGAMAR-II<\/td><td data-label=\"LOCATION\">SECTOR R-6, URB. CASA VI\u00d1A, TORRE DEL MAR<\/td><td data-label=\"DETAILS\">8 PAREADAS<\/td><\/tr>\n    <tr><td data-label=\"YEAR\">2019\/2020<\/td><td data-label=\"PROMOTION\">4 PAREADAS (SUP.T-10)<\/td><td data-label=\"LOCATION\">SECTOR SUP.T-10, ALTO BARRANCA, TORRE DEL MAR<\/td><td data-label=\"DETAILS\">4 PAREADAS<\/td><\/tr>\n    <tr><td data-label=\"YEAR\">2021\/2022<\/td><td data-label=\"PROMOTION\">RESIDENCIAL CANT\u00c1BRICO<\/td><td data-label=\"LOCATION\">SECTOR SUP.T-12, MAR CANT\u00c1BRICO, TORRE DEL MAR<\/td><td data-label=\"DETAILS\">28 VIVIENDAS + PLAZAS PARKING, TRASTEROS Y LOCAL<\/td><\/tr>\n  <\/tbody>\n<\/table>\n<style>\n\/* M\u00f3vil *\/\n@media (max-width: 767px) {\n  table, thead, tbody, th, td, tr {\n    display: block;\n    width: 100%;\n  }\n\n  thead {\n    display: none;\n  }\n\n  tr {\n    margin: 24px 0;\n    padding: 0;\n    background: #ffffff;\n    border-radius: 10px;\n    border-left: 5px solid #006d77;\n    box-shadow: 0 6px 20px rgba(0, 0, 0, 0.06);\n    overflow: hidden;\n    transition: transform 0.3s ease, box-shadow 0.3s ease;\n  }\n\n  tr:hover {\n    transform: scale(1.01);\n    box-shadow: 0 8px 24px rgba(0, 0, 0, 0.1);\n  }\n\n  td {\n    display: block;\n    padding: 16px 16px 8px 16px;\n    border-bottom: 1px solid #eee;\n    font-size: 16px;\n    color: #333;\n    background-color: white;\n    box-sizing: border-box;\n    word-break: break-word;\n    position: relative;\n  }\n\n  td:first-child {\n    background: #e0f7fa;\n    font-weight: bold;\n    font-size: 18px;\n    padding: 20px 16px;\n    color: #004d40;\n    border-bottom: 2px solid #ccc;\n  }\n\n  td:before {\n    content: attr(data-label);\n    display: block;\n    font-weight: 600;\n    font-size: 13px;\n    margin-bottom: 4px;\n    color: #006d77;\n  }\n\n  td:last-child {\n    border-bottom: none;\n    padding-bottom: 16px;\n  }\n}\n\n\/* Escritorio *\/\n@media (min-width: 768px) {\n  tbody tr:hover {\n    background-color: #e0f7fa;\n    transition: background-color 0.3s ease, transform 0.3s ease;\n    transform: scale(1.01);\n    box-shadow: 0 6px 20px rgba(0, 0, 0, 0.15);\n  }\n}\n<\/style>\t\t\t\t\t\t\t\t<\/div>\n\t\t\t\t<\/div>\n\t\t\t\t<\/div>\n\t\t\t\t\t<\/div>\n\t\t\t\t<\/div>\n\t\t\t\t<section class=\"elementor-section elementor-top-section elementor-element elementor-element-803cb2d elementor-section-boxed elementor-section-height-default elementor-section-height-default\" data-id=\"803cb2d\" data-element_type=\"section\" data-e-type=\"section\" data-settings=\"{&quot;background_background&quot;:&quot;classic&quot;}\">\n\t\t\t\t\t\t\t<div class=\"elementor-background-overlay\"><\/div>\n\t\t\t\t\t\t\t<div class=\"elementor-container elementor-column-gap-no\">\n\t\t\t\t\t<div class=\"elementor-column elementor-col-100 elementor-top-column elementor-element elementor-element-8e89ebf\" data-id=\"8e89ebf\" data-element_type=\"column\" data-e-type=\"column\">\n\t\t\t<div class=\"elementor-widget-wrap\">\n\t\t\t\t\t\t\t<\/div>\n\t\t<\/div>\n\t\t\t\t\t<\/div>\n\t\t<\/section>\n\t\t\t\t<section class=\"elementor-section elementor-top-section elementor-element elementor-element-ce96632 elementor-section-boxed elementor-section-height-default elementor-section-height-default\" data-id=\"ce96632\" data-element_type=\"section\" data-e-type=\"section\" data-settings=\"{&quot;background_background&quot;:&quot;classic&quot;}\">\n\t\t\t\t\t\t\t<div class=\"elementor-background-overlay\"><\/div>\n\t\t\t\t\t\t\t<div class=\"elementor-container elementor-column-gap-default\">\n\t\t\t\t\t<div class=\"elementor-column elementor-col-33 elementor-top-column elementor-element elementor-element-98cc406\" data-id=\"98cc406\" data-element_type=\"column\" data-e-type=\"column\">\n\t\t\t<div class=\"elementor-widget-wrap\">\n\t\t\t\t\t\t\t<\/div>\n\t\t<\/div>\n\t\t\t\t<div class=\"elementor-column elementor-col-33 elementor-top-column elementor-element elementor-element-f398bc4\" data-id=\"f398bc4\" data-element_type=\"column\" data-e-type=\"column\" data-settings=\"{&quot;background_background&quot;:&quot;classic&quot;}\">\n\t\t\t<div class=\"elementor-widget-wrap elementor-element-populated\">\n\t\t\t\t\t\t<div class=\"elementor-element elementor-element-8150327 elementor-widget elementor-widget-shortcode\" data-id=\"8150327\" data-element_type=\"widget\" data-e-type=\"widget\" data-widget_type=\"shortcode.default\">\n\t\t\t\t<div class=\"elementor-widget-container\">\n\t\t\t\t\t\t\t<div class=\"elementor-shortcode\"><div class=\"wpforms-container \" id=\"wpforms-1980\"><form id=\"wpforms-form-1980\" class=\"wpforms-validate wpforms-form wpforms-ajax-form\" data-formid=\"1980\" method=\"post\" enctype=\"multipart\/form-data\" action=\"\/en\/wp-json\/wp\/v2\/pages\/1940\" data-token=\"d6a15c726e97de64505c6f96da5ef9ca\" data-token-time=\"1776864551\"><noscript class=\"wpforms-error-noscript\">Please enable JavaScript in your browser to complete this form.<\/noscript><div class=\"wpforms-field-container\"><div id=\"wpforms-1980-field_0-container\" class=\"wpforms-field wpforms-field-name\" data-field-id=\"0\"><label class=\"wpforms-field-label wpforms-label-hide\" for=\"wpforms-1980-field_0\">Enter Name <span class=\"wpforms-required-label\">*<\/span><\/label><input type=\"text\" id=\"wpforms-1980-field_0\" class=\"wpforms-field-large wpforms-field-required\" name=\"wpforms[fields][0]\" placeholder=\"Name\" required><\/div><div id=\"wpforms-1980-field_1-container\" class=\"wpforms-field wpforms-field-email\" data-field-id=\"1\"><label class=\"wpforms-field-label wpforms-label-hide\" for=\"wpforms-1980-field_1\">Enter Email <span class=\"wpforms-required-label\">*<\/span><\/label><input type=\"email\" id=\"wpforms-1980-field_1\" class=\"wpforms-field-large wpforms-field-required\" name=\"wpforms[fields][1]\" placeholder=\"Email\" spellcheck=\"false\" required><\/div><div id=\"wpforms-1980-field_2-container\" class=\"wpforms-field wpforms-field-textarea\" data-field-id=\"2\"><label class=\"wpforms-field-label wpforms-label-hide\" for=\"wpforms-1980-field_2\">Your Message <span class=\"wpforms-required-label\">*<\/span><\/label><textarea id=\"wpforms-1980-field_2\" class=\"wpforms-field-medium wpforms-field-required\" name=\"wpforms[fields][2]\" placeholder=\"Message\" required><\/textarea><\/div><\/div><!-- .wpforms-field-container --><div class=\"wpforms-field wpforms-field-hp\"><label for=\"wpforms-1980-field-hp\" class=\"wpforms-field-label\">Email<\/label><input type=\"text\" name=\"wpforms[hp]\" id=\"wpforms-1980-field-hp\" class=\"wpforms-field-medium\"><\/div><div class=\"wpforms-recaptcha-container wpforms-is-recaptcha wpforms-is-recaptcha-type-v3\" ><input type=\"hidden\" name=\"wpforms[recaptcha]\" value=\"\"><\/div><div class=\"wpforms-submit-container\" ><input type=\"hidden\" name=\"wpforms[id]\" value=\"1980\"><input type=\"hidden\" name=\"page_title\" value=\"\"><input type=\"hidden\" name=\"page_url\" value=\"https:\/\/biznalar.com\/en\/wp-json\/wp\/v2\/pages\/1940\"><input type=\"hidden\" name=\"url_referer\" value=\"\"><button type=\"submit\" name=\"wpforms[submit]\" id=\"wpforms-submit-1980\" class=\"wpforms-submit\" data-alt-text=\"Sending...\" data-submit-text=\"Send\" aria-live=\"assertive\" value=\"wpforms-submit\">Send<\/button><img decoding=\"async\" src=\"https:\/\/biznalar.com\/wp-content\/plugins\/wpforms-lite\/assets\/images\/submit-spin.svg\" class=\"wpforms-submit-spinner\" style=\"display: none;\" width=\"26\" height=\"26\" alt=\"Loading\"><\/div><\/form><\/div>  <!-- .wpforms-container --><\/div>\n\t\t\t\t\t\t<\/div>\n\t\t\t\t<\/div>\n\t\t\t\t\t<\/div>\n\t\t<\/div>\n\t\t\t\t<div class=\"elementor-column elementor-col-33 elementor-top-column elementor-element elementor-element-c75dab6\" data-id=\"c75dab6\" data-element_type=\"column\" data-e-type=\"column\">\n\t\t\t<div class=\"elementor-widget-wrap\">\n\t\t\t\t\t\t\t<\/div>\n\t\t<\/div>\n\t\t\t\t\t<\/div>\n\t\t<\/section>\n\t\t\t\t<\/div>\n\t\t","protected":false},"excerpt":{"rendered":"<p>Projects Here you can find some of our most iconic projects. YEAR PROMOTION LOCATION DETAILS 1995 LA BIZNAGA URB. CASA VI\u00d1A 23 VIVIENDAS PAREADAS 1996\/97 CONJ. ALAZORES URB. CASA VI\u00d1A 15 PAREADAS 1997\/98 BRISAS DE LA VI\u00d1A URB. CASA VI\u00d1A 10 ADOSADAS, 8 PAREADAS Y 15 PARCELAS VIVIENDAS UNIF. 1998 ADOSADAS ROMERIA URB. CASA VI\u00d1A [&hellip;]<\/p>\n","protected":false},"author":1,"featured_media":0,"parent":0,"menu_order":0,"comment_status":"closed","ping_status":"closed","template":"","meta":{"site-sidebar-layout":"no-sidebar","site-content-layout":"page-builder","ast-site-content-layout":"default","site-content-style":"default","site-sidebar-style":"default","ast-global-header-display":"","ast-banner-title-visibility":"","ast-main-header-display":"","ast-hfb-above-header-display":"","ast-hfb-below-header-display":"","ast-hfb-mobile-header-display":"","site-post-title":"disabled","ast-breadcrumbs-content":"","ast-featured-img":"disabled","footer-sml-layout":"","ast-disable-related-posts":"","theme-transparent-header-meta":"enabled","adv-header-id-meta":"","stick-header-meta":"","header-above-stick-meta":"","header-main-stick-meta":"","header-below-stick-meta":"","astra-migrate-meta-layouts":"default","ast-page-background-enabled":"default","ast-page-background-meta":{"desktop":{"background-color":"","background-image":"","background-repeat":"repeat","background-position":"center center","background-size":"auto","background-attachment":"scroll","background-type":"","background-media":"","overlay-type":"","overlay-color":"","overlay-opacity":"","overlay-gradient":""},"tablet":{"background-color":"","background-image":"","background-repeat":"repeat","background-position":"center center","background-size":"auto","background-attachment":"scroll","background-type":"","background-media":"","overlay-type":"","overlay-color":"","overlay-opacity":"","overlay-gradient":""},"mobile":{"background-color":"","background-image":"","background-repeat":"repeat","background-position":"center center","background-size":"auto","background-attachment":"scroll","background-type":"","background-media":"","overlay-type":"","overlay-color":"","overlay-opacity":"","overlay-gradient":""}},"ast-content-background-meta":{"desktop":{"background-color":"var(--ast-global-color-5)","background-image":"","background-repeat":"repeat","background-position":"center center","background-size":"auto","background-attachment":"scroll","background-type":"","background-media":"","overlay-type":"","overlay-color":"","overlay-opacity":"","overlay-gradient":""},"tablet":{"background-color":"var(--ast-global-color-5)","background-image":"","background-repeat":"repeat","background-position":"center center","background-size":"auto","background-attachment":"scroll","background-type":"","background-media":"","overlay-type":"","overlay-color":"","overlay-opacity":"","overlay-gradient":""},"mobile":{"background-color":"var(--ast-global-color-5)","background-image":"","background-repeat":"repeat","background-position":"center center","background-size":"auto","background-attachment":"scroll","background-type":"","background-media":"","overlay-type":"","overlay-color":"","overlay-opacity":"","overlay-gradient":""}},"_joinchat":[],"footnotes":""},"class_list":["post-1940","page","type-page","status-publish","hentry"],"_links":{"self":[{"href":"https:\/\/biznalar.com\/en\/wp-json\/wp\/v2\/pages\/1940","targetHints":{"allow":["GET"]}}],"collection":[{"href":"https:\/\/biznalar.com\/en\/wp-json\/wp\/v2\/pages"}],"about":[{"href":"https:\/\/biznalar.com\/en\/wp-json\/wp\/v2\/types\/page"}],"author":[{"embeddable":true,"href":"https:\/\/biznalar.com\/en\/wp-json\/wp\/v2\/users\/1"}],"replies":[{"embeddable":true,"href":"https:\/\/biznalar.com\/en\/wp-json\/wp\/v2\/comments?post=1940"}],"version-history":[{"count":12,"href":"https:\/\/biznalar.com\/en\/wp-json\/wp\/v2\/pages\/1940\/revisions"}],"predecessor-version":[{"id":2077,"href":"https:\/\/biznalar.com\/en\/wp-json\/wp\/v2\/pages\/1940\/revisions\/2077"}],"wp:attachment":[{"href":"https:\/\/biznalar.com\/en\/wp-json\/wp\/v2\/media?parent=1940"}],"curies":[{"name":"wp","href":"https:\/\/api.w.org\/{rel}","templated":true}]}}