{"id":1977,"date":"2024-09-23T15:42:35","date_gmt":"2024-09-23T13:42:35","guid":{"rendered":"https:\/\/biznalar.com\/cookie-richtlinie\/"},"modified":"2025-05-07T15:24:44","modified_gmt":"2025-05-07T13:24:44","slug":"cookie-richtlinie","status":"publish","type":"page","link":"https:\/\/biznalar.com\/de\/cookie-richtlinie\/","title":{"rendered":"Cookie-Richtlinie"},"content":{"rendered":"\t\t<div data-elementor-type=\"wp-post\" data-elementor-id=\"1977\" class=\"elementor elementor-1977 elementor-1635\">\n\t\t\t\t\t\t<section class=\"elementor-section elementor-top-section elementor-element elementor-element-02016c6 elementor-section-boxed elementor-section-height-default elementor-section-height-default\" data-id=\"02016c6\" data-element_type=\"section\" data-e-type=\"section\" data-settings=\"{&quot;background_background&quot;:&quot;classic&quot;}\">\n\t\t\t\t\t\t\t<div class=\"elementor-background-overlay\"><\/div>\n\t\t\t\t\t\t\t<div class=\"elementor-container elementor-column-gap-default\">\n\t\t\t\t\t<div class=\"elementor-column elementor-col-50 elementor-top-column elementor-element elementor-element-5e54ded\" data-id=\"5e54ded\" data-element_type=\"column\" data-e-type=\"column\">\n\t\t\t<div class=\"elementor-widget-wrap elementor-element-populated\">\n\t\t\t\t\t\t<div class=\"elementor-element elementor-element-8da83e4 elementor-widget elementor-widget-heading\" data-id=\"8da83e4\" data-element_type=\"widget\" data-e-type=\"widget\" data-widget_type=\"heading.default\">\n\t\t\t\t<div class=\"elementor-widget-container\">\n\t\t\t\t\t<h1 class=\"elementor-heading-title elementor-size-default\">Cookie-Richtlinie<\/h1>\t\t\t\t<\/div>\n\t\t\t\t<\/div>\n\t\t\t\t\t<\/div>\n\t\t<\/div>\n\t\t\t\t<div class=\"elementor-column elementor-col-50 elementor-top-column elementor-element elementor-element-b27e682\" data-id=\"b27e682\" data-element_type=\"column\" data-e-type=\"column\">\n\t\t\t<div class=\"elementor-widget-wrap\">\n\t\t\t\t\t\t\t<\/div>\n\t\t<\/div>\n\t\t\t\t\t<\/div>\n\t\t<\/section>\n\t\t\t\t<section class=\"elementor-section elementor-top-section elementor-element elementor-element-4cbd808 elementor-section-boxed elementor-section-height-default elementor-section-height-default\" data-id=\"4cbd808\" data-element_type=\"section\" data-e-type=\"section\" data-settings=\"{&quot;background_background&quot;:&quot;classic&quot;}\">\n\t\t\t\t\t\t<div class=\"elementor-container elementor-column-gap-default\">\n\t\t\t\t\t<div class=\"elementor-column elementor-col-100 elementor-top-column elementor-element elementor-element-63d0364\" data-id=\"63d0364\" data-element_type=\"column\" data-e-type=\"column\" data-settings=\"{&quot;background_background&quot;:&quot;classic&quot;}\">\n\t\t\t<div class=\"elementor-widget-wrap elementor-element-populated\">\n\t\t\t\t\t\t<div class=\"elementor-element elementor-element-11bc4ec elementor-widget__width-initial elementor-widget elementor-widget-text-editor\" data-id=\"11bc4ec\" data-element_type=\"widget\" data-e-type=\"widget\" data-widget_type=\"text-editor.default\">\n\t\t\t\t<div class=\"elementor-widget-container\">\n\t\t\t\t\t\t\t\t\t<div class=\"row\"><div class=\"col-xl-10 mx-auto\"><div class=\"paper\"><header class=\"text-center\"><div class=\"row\"><div class=\"col-xl-10 mx-auto\"><div class=\"paper\"><header class=\"text-center\"><h2 class=\"m-auto\">COOKIE-RICHTLINIE<\/h2><h4><span class=\"blanc-space ng-binding\">www.biznalar.com<\/span><\/h4><\/header><div><p>Der Zugriff auf diese Website kann die Verwendung von Cookies beinhalten. Cookies sind kleine Informationsmengen, die im Browser jedes Nutzers gespeichert werden \u2014auf den verschiedenen Ger\u00e4ten, die er zum Surfen verwenden kann\u2014 damit sich der Server an bestimmte Informationen erinnert, die sp\u00e4ter ausschlie\u00dflich vom Server gelesen werden, der sie implementiert hat. Cookies erleichtern das Surfen, machen es benutzerfreundlicher und sch\u00e4digen das Navigationsger\u00e4t nicht.  <\/p><p>Cookies sind automatische Verfahren zur Erfassung von Informationen \u00fcber die vom Nutzer w\u00e4hrend seines Besuchs auf der Website festgelegten Pr\u00e4ferenzen, um ihn als Nutzer zu erkennen und seine Erfahrung und Nutzung der Website zu personalisieren. Sie k\u00f6nnen auch beispielsweise dabei helfen, Fehler zu erkennen und zu beheben.<\/p><p>Die durch Cookies gesammelten Informationen k\u00f6nnen das Datum und die Uhrzeit der Besuche auf der Website, die angesehenen Seiten, die Verweildauer auf der Website sowie die unmittelbar davor und danach besuchten Seiten umfassen. Allerdings erm\u00f6glicht kein Cookie den Kontakt mit der Telefonnummer des Nutzers oder einem anderen pers\u00f6nlichen Kontaktmittel. Kein Cookie kann Informationen von der Festplatte des Nutzers extrahieren oder pers\u00f6nliche Daten stehlen. Die einzige M\u00f6glichkeit, dass private Informationen des Nutzers Teil der Cookie-Datei werden, besteht darin, dass der Nutzer diese Informationen dem Server pers\u00f6nlich zur Verf\u00fcgung stellt.   <\/p><p>Cookies, die eine Person identifizieren k\u00f6nnen, gelten als personenbezogene Daten. Daher findet auf sie die zuvor beschriebene Datenschutzrichtlinie Anwendung. In diesem Zusammenhang ist f\u00fcr ihre Verwendung die Zustimmung des Nutzers erforderlich. Diese Zustimmung muss auf einer echten Wahl beruhen, durch eine ausdr\u00fcckliche und positive Entscheidung erteilt werden, vor der ersten Verarbeitung erfolgen, widerruflich und dokumentiert sein.   <\/p><div class=\"\"><h4>Eigene Cookies<\/h4><p>Dies sind Cookies, die an den Computer oder das Ger\u00e4t des Nutzers gesendet und ausschlie\u00dflich von <span class=\"blanc-space ng-binding\">Construcciones Biznalar<\/span> zur besseren Funktionalit\u00e4t der Website verwaltet werden. Die gesammelten Informationen werden verwendet, um die Qualit\u00e4t der Website und ihrer Inhalte sowie die Nutzererfahrung zu verbessern. Diese Cookies erm\u00f6glichen es, den Nutzer als wiederkehrenden Besucher der Website zu erkennen und den Inhalt anzupassen, um ihm Inhalte anzubieten, die seinen Vorlieben entsprechen.  <\/p><\/div><div class=\"thirdCookies\"><h4>Drittanbieter-Cookies<\/h4><p>Dies sind Cookies, die von externen Entit\u00e4ten verwendet und verwaltet werden, die <span class=\"blanc-space ng-binding\">Construcciones Biznalar<\/span> mit den von ihnen angeforderten Diensten zur Verbesserung der Website und der Benutzererfahrung beim Surfen auf der Website versorgen. Die Hauptziele, f\u00fcr die Cookies von Drittanbietern verwendet werden, sind die Erhebung von Zugriffstatistiken und die Analyse der Surf-Daten, d. h. wie der Benutzer mit der Website interagiert. <\/p><p>Die gesammelten Informationen beziehen sich beispielsweise auf die Anzahl der besuchten Seiten, die Sprache, den Standort der IP-Adresse, \u00fcber die der Benutzer zugreift, die Anzahl der Zugriffe von Nutzern, die H\u00e4ufigkeit und Wiederholung der Besuche, die Verweildauer, den verwendeten Browser, den Betreiber oder die Art des Ger\u00e4ts, von dem aus der Besuch durchgef\u00fchrt wird. Diese Informationen werden verwendet, um die Website zu verbessern und neue Bed\u00fcrfnisse zu erkennen, um den Nutzern Inhalte und\/oder Dienstleistungen von h\u00f6chster Qualit\u00e4t anzubieten. In jedem Fall werden die Informationen anonym gesammelt und Trendberichte der Website erstellt, ohne einzelne Benutzer zu identifizieren.  <\/p><p>Weitere Informationen zu Cookies, Datenschutzinformationen oder eine Beschreibung der verwendeten Cookies, ihrer Hauptmerkmale, des Ablaufdatums usw. finden Sie im folgenden(n) Link(s):<\/p><p class=\"text-wrap ng-binding\">Google INC.<\/p><p>Die f\u00fcr die Bereitstellung von Cookies verantwortliche(n) Entit\u00e4t(en) kann\/k\u00f6nnen diese Informationen an Dritte weitergeben, sofern dies gesetzlich vorgeschrieben ist oder ein Dritter diese Informationen im Auftrag dieser Entit\u00e4ten verarbeitet.<\/p><\/div><div class=\"\"><h4>Cookies von sozialen Netzwerken<\/h4><p><span class=\"blanc-space ng-binding\">Construcciones Biznalar<\/span> integriert Social-Media-Plugins, die es erm\u00f6glichen, von der Website aus auf diese zuzugreifen. Aus diesem Grund k\u00f6nnen Social-Media-Cookies im Browser des Nutzers gespeichert werden. Die Betreiber dieser sozialen Netzwerke haben ihre eigenen Datenschutz- und Cookie-Richtlinien und sind selbst f\u00fcr ihre eigenen Dateien und Datenschutzpraktiken verantwortlich. Der Nutzer sollte sich an diese Richtlinien halten, um Informationen \u00fcber diese Cookies und gegebenenfalls die Verarbeitung seiner pers\u00f6nlichen Daten zu erhalten. Nachfolgend sind zur Information die Links aufgef\u00fchrt, unter denen diese Datenschutz- und\/oder Cookie-Richtlinien eingesehen werden k\u00f6nnen:    <\/p><ul><li>Facebook: <a class=\"text-info\" href=\"https:\/\/www.facebook.com\/policies\/cookies\/\" target=\"_blank\" rel=\"noopener\">https:\/\/www.facebook.com\/policies\/cookies\/<\/a><\/li><li>Twitter: <a class=\"text-info\" href=\"https:\/\/twitter.com\/es\/privacy\" target=\"_blank\" rel=\"noopener\">https:\/\/twitter.com\/es\/privacy<\/a><\/li><li>Instagram: <a class=\"text-info\" href=\"https:\/\/help.instagram.com\/1896641480634370?ref=ig\" target=\"_blank\" rel=\"noopener\">https:\/\/help.instagram.com\/1896641480634370?ref=ig<\/a><\/li><li>YouTube: <a class=\"text-info\" href=\"https:\/\/policies.google.com\/privacy?hl=es-419&amp;gl=mx\" target=\"_blank\" rel=\"noopener\">https:\/\/policies.google.com\/privacy?hl=es-419&amp;gl=mx<\/a><\/li><li>Pinterest: <a class=\"text-info\" href=\"https:\/\/policy.pinterest.com\/es\/privacy-policy\" target=\"_blank\" rel=\"noopener\">https:\/\/policy.pinterest.com\/es\/privacy-policy<\/a><\/li><li>LinkedIn: <a class=\"text-info\" href=\"https:\/\/www.linkedin.com\/legal\/cookie-policy?trk=hp-cookies\" target=\"_blank\" rel=\"noopener\">https:\/\/www.linkedin.com\/legal\/cookie-policy?trk=hp-cookies<\/a><\/li><\/ul><\/div><h4>Cookies Deaktivieren, Ablehnen und L\u00f6schen<\/h4><p>Der Benutzer kann Cookies \u2014ganz oder teilweise\u2014 deaktivieren, ablehnen und l\u00f6schen, die auf seinem Ger\u00e4t \u00fcber die Einstellungen seines Browsers (wie z. B. Chrome, Firefox, Safari, Explorer) installiert wurden. In dieser Hinsicht k\u00f6nnen sich die Verfahren zum Ablehnen und L\u00f6schen von Cookies von einem Internetbrowser zum anderen unterscheiden. Daher sollte der Benutzer die Anweisungen des von ihm verwendeten Browsers befolgen. Wenn der Benutzer die Verwendung von Cookies \u2014ganz oder teilweise\u2014 ablehnt, kann er weiterhin die Website nutzen, aber einige Funktionen k\u00f6nnen eingeschr\u00e4nkt sein.   <\/p><\/div><\/div><\/div><\/div><\/header><\/div><\/div><\/div>\t\t\t\t\t\t\t\t<\/div>\n\t\t\t\t<\/div>\n\t\t\t\t\t<\/div>\n\t\t<\/div>\n\t\t\t\t\t<\/div>\n\t\t<\/section>\n\t\t\t\t<\/div>\n\t\t","protected":false},"excerpt":{"rendered":"<p>Cookie-Richtlinie COOKIE-RICHTLINIE www.biznalar.com Der Zugriff auf diese Website kann die Verwendung von Cookies beinhalten. Cookies sind kleine Informationsmengen, die im Browser jedes Nutzers gespeichert werden \u2014auf den verschiedenen Ger\u00e4ten, die er zum Surfen verwenden kann\u2014 damit sich der Server an bestimmte Informationen erinnert, die sp\u00e4ter ausschlie\u00dflich vom Server gelesen werden, der sie implementiert hat. Cookies [&hellip;]<\/p>\n","protected":false},"author":1,"featured_media":0,"parent":0,"menu_order":0,"comment_status":"closed","ping_status":"closed","template":"","meta":{"site-sidebar-layout":"no-sidebar","site-content-layout":"page-builder","ast-site-content-layout":"full-width-container","site-content-style":"unboxed","site-sidebar-style":"unboxed","ast-global-header-display":"","ast-banner-title-visibility":"","ast-main-header-display":"","ast-hfb-above-header-display":"","ast-hfb-below-header-display":"","ast-hfb-mobile-header-display":"","site-post-title":"disabled","ast-breadcrumbs-content":"","ast-featured-img":"disabled","footer-sml-layout":"","ast-disable-related-posts":"","theme-transparent-header-meta":"enabled","adv-header-id-meta":"","stick-header-meta":"","header-above-stick-meta":"","header-main-stick-meta":"","header-below-stick-meta":"","astra-migrate-meta-layouts":"default","ast-page-background-enabled":"default","ast-page-background-meta":{"desktop":{"background-color":"","background-image":"","background-repeat":"repeat","background-position":"center center","background-size":"auto","background-attachment":"scroll","background-type":"","background-media":"","overlay-type":"","overlay-color":"","overlay-opacity":"","overlay-gradient":""},"tablet":{"background-color":"","background-image":"","background-repeat":"repeat","background-position":"center center","background-size":"auto","background-attachment":"scroll","background-type":"","background-media":"","overlay-type":"","overlay-color":"","overlay-opacity":"","overlay-gradient":""},"mobile":{"background-color":"","background-image":"","background-repeat":"repeat","background-position":"center center","background-size":"auto","background-attachment":"scroll","background-type":"","background-media":"","overlay-type":"","overlay-color":"","overlay-opacity":"","overlay-gradient":""}},"ast-content-background-meta":{"desktop":{"background-color":"var(--ast-global-color-5)","background-image":"","background-repeat":"repeat","background-position":"center center","background-size":"auto","background-attachment":"scroll","background-type":"","background-media":"","overlay-type":"","overlay-color":"","overlay-opacity":"","overlay-gradient":""},"tablet":{"background-color":"var(--ast-global-color-5)","background-image":"","background-repeat":"repeat","background-position":"center center","background-size":"auto","background-attachment":"scroll","background-type":"","background-media":"","overlay-type":"","overlay-color":"","overlay-opacity":"","overlay-gradient":""},"mobile":{"background-color":"var(--ast-global-color-5)","background-image":"","background-repeat":"repeat","background-position":"center center","background-size":"auto","background-attachment":"scroll","background-type":"","background-media":"","overlay-type":"","overlay-color":"","overlay-opacity":"","overlay-gradient":""}},"_joinchat":[],"footnotes":""},"class_list":["post-1977","page","type-page","status-publish","hentry"],"_links":{"self":[{"href":"https:\/\/biznalar.com\/de\/wp-json\/wp\/v2\/pages\/1977","targetHints":{"allow":["GET"]}}],"collection":[{"href":"https:\/\/biznalar.com\/de\/wp-json\/wp\/v2\/pages"}],"about":[{"href":"https:\/\/biznalar.com\/de\/wp-json\/wp\/v2\/types\/page"}],"author":[{"embeddable":true,"href":"https:\/\/biznalar.com\/de\/wp-json\/wp\/v2\/users\/1"}],"replies":[{"embeddable":true,"href":"https:\/\/biznalar.com\/de\/wp-json\/wp\/v2\/comments?post=1977"}],"version-history":[{"count":1,"href":"https:\/\/biznalar.com\/de\/wp-json\/wp\/v2\/pages\/1977\/revisions"}],"predecessor-version":[{"id":1978,"href":"https:\/\/biznalar.com\/de\/wp-json\/wp\/v2\/pages\/1977\/revisions\/1978"}],"wp:attachment":[{"href":"https:\/\/biznalar.com\/de\/wp-json\/wp\/v2\/media?parent=1977"}],"curies":[{"name":"wp","href":"https:\/\/api.w.org\/{rel}","templated":true}]}}