{"id":1925,"date":"2024-09-18T16:27:57","date_gmt":"2024-09-18T14:27:57","guid":{"rendered":"https:\/\/biznalar.com\/das-unternehmen\/"},"modified":"2025-05-07T14:11:37","modified_gmt":"2025-05-07T12:11:37","slug":"das-unternehmen","status":"publish","type":"page","link":"https:\/\/biznalar.com\/de\/das-unternehmen\/","title":{"rendered":"Das Unternehmen"},"content":{"rendered":"\t\t<div data-elementor-type=\"wp-post\" data-elementor-id=\"1925\" class=\"elementor elementor-1925 elementor-1560\">\n\t\t\t\t\t\t<section class=\"elementor-section elementor-top-section elementor-element elementor-element-bf54fba elementor-section-boxed elementor-section-height-default elementor-section-height-default\" data-id=\"bf54fba\" data-element_type=\"section\" data-e-type=\"section\" data-settings=\"{&quot;background_background&quot;:&quot;classic&quot;}\">\n\t\t\t\t\t\t\t<div class=\"elementor-background-overlay\"><\/div>\n\t\t\t\t\t\t\t<div class=\"elementor-container elementor-column-gap-default\">\n\t\t\t\t\t<div class=\"elementor-column elementor-col-50 elementor-top-column elementor-element elementor-element-eb850d7\" data-id=\"eb850d7\" data-element_type=\"column\" data-e-type=\"column\">\n\t\t\t<div class=\"elementor-widget-wrap elementor-element-populated\">\n\t\t\t\t\t\t<div class=\"elementor-element elementor-element-e27bab8 elementor-widget elementor-widget-heading\" data-id=\"e27bab8\" data-element_type=\"widget\" data-e-type=\"widget\" data-widget_type=\"heading.default\">\n\t\t\t\t<div class=\"elementor-widget-container\">\n\t\t\t\t\t<h1 class=\"elementor-heading-title elementor-size-default\">Das Unternehmen<\/h1>\t\t\t\t<\/div>\n\t\t\t\t<\/div>\n\t\t\t\t<div class=\"elementor-element elementor-element-78bbeaf elementor-widget elementor-widget-text-editor\" data-id=\"78bbeaf\" data-element_type=\"widget\" data-e-type=\"widget\" data-widget_type=\"text-editor.default\">\n\t\t\t\t<div class=\"elementor-widget-container\">\n\t\t\t\t\t\t\t\t\t<p>Ein familiengef\u00fchrtes Unternehmen mit mehr als 50 Jahren Geschichte im Bau und der Entwicklung von Wohn- und Gewerbeimmobilien.<\/p>\t\t\t\t\t\t\t\t<\/div>\n\t\t\t\t<\/div>\n\t\t\t\t\t<\/div>\n\t\t<\/div>\n\t\t\t\t<div class=\"elementor-column elementor-col-50 elementor-top-column elementor-element elementor-element-fac5ba7\" data-id=\"fac5ba7\" data-element_type=\"column\" data-e-type=\"column\" data-settings=\"{&quot;background_background&quot;:&quot;classic&quot;}\">\n\t\t\t<div class=\"elementor-widget-wrap\">\n\t\t\t\t\t\t\t<\/div>\n\t\t<\/div>\n\t\t\t\t\t<\/div>\n\t\t<\/section>\n\t\t\t\t<section class=\"elementor-section elementor-top-section elementor-element elementor-element-355ade5c elementor-section-boxed elementor-section-height-default elementor-section-height-default\" data-id=\"355ade5c\" data-element_type=\"section\" data-e-type=\"section\" data-settings=\"{&quot;background_background&quot;:&quot;classic&quot;}\">\n\t\t\t\t\t\t<div class=\"elementor-container elementor-column-gap-default\">\n\t\t\t\t\t<div class=\"elementor-column elementor-col-100 elementor-top-column elementor-element elementor-element-51f47c2b\" data-id=\"51f47c2b\" data-element_type=\"column\" data-e-type=\"column\">\n\t\t\t<div class=\"elementor-widget-wrap elementor-element-populated\">\n\t\t\t\t\t\t<section class=\"elementor-section elementor-inner-section elementor-element elementor-element-562e864a elementor-section-boxed elementor-section-height-default elementor-section-height-default\" data-id=\"562e864a\" data-element_type=\"section\" data-e-type=\"section\" data-settings=\"{&quot;background_background&quot;:&quot;classic&quot;}\">\n\t\t\t\t\t\t<div class=\"elementor-container elementor-column-gap-default\">\n\t\t\t\t\t<div class=\"elementor-column elementor-col-50 elementor-inner-column elementor-element elementor-element-3c051cdd\" data-id=\"3c051cdd\" data-element_type=\"column\" data-e-type=\"column\">\n\t\t\t<div class=\"elementor-widget-wrap elementor-element-populated\">\n\t\t\t\t\t\t<div class=\"elementor-element elementor-element-dbc6f01 elementor-widget elementor-widget-image\" data-id=\"dbc6f01\" data-element_type=\"widget\" data-e-type=\"widget\" data-widget_type=\"image.default\">\n\t\t\t\t<div class=\"elementor-widget-container\">\n\t\t\t\t\t\t\t\t\t\t\t\t\t\t\t<img fetchpriority=\"high\" decoding=\"async\" width=\"643\" height=\"720\" src=\"https:\/\/biznalar.com\/wp-content\/uploads\/2018\/07\/pic17-free-img.png\" class=\"attachment-large size-large wp-image-1927\" alt=\"\" srcset=\"https:\/\/biznalar.com\/wp-content\/uploads\/2018\/07\/pic17-free-img.png 643w, https:\/\/biznalar.com\/wp-content\/uploads\/2018\/07\/pic17-free-img-268x300.png 268w\" sizes=\"(max-width: 643px) 100vw, 643px\" \/>\t\t\t\t\t\t\t\t\t\t\t\t\t\t\t<\/div>\n\t\t\t\t<\/div>\n\t\t\t\t\t<\/div>\n\t\t<\/div>\n\t\t\t\t<div class=\"elementor-column elementor-col-50 elementor-inner-column elementor-element elementor-element-4b4d832e\" data-id=\"4b4d832e\" data-element_type=\"column\" data-e-type=\"column\">\n\t\t\t<div class=\"elementor-widget-wrap elementor-element-populated\">\n\t\t\t\t\t\t<div class=\"elementor-element elementor-element-435a04c9 elementor-widget elementor-widget-text-editor\" data-id=\"435a04c9\" data-element_type=\"widget\" data-e-type=\"widget\" data-widget_type=\"text-editor.default\">\n\t\t\t\t<div class=\"elementor-widget-container\">\n\t\t\t\t\t\t\t\t\t<p>Herr Antonio Tor\u00e9 Tor\u00e9, allgemein bekannt als &#8222;Toto&#8220;, gilt als einer der Hauptf\u00f6rderer der Tourismusbranche in M\u00e1laga. Zwischen 1966 und 1975 (dem Jahr seines Todes) baute und f\u00f6rderte er mehr als 3.200 Wohnungen in der Gemeinde V\u00e9lez-M\u00e1laga, fast alle davon in Torre del Mar, und schuf so ein einzigartiges touristisches Ziel, das bis heute besteht.<br>Er baute nicht nur die Wohnungen, sondern lenkte auch die Aufmerksamkeit der Europ\u00e4er auf das kleine Fischerdorf Torre del Mar, brachte ihnen den malagischen und andalusischen Lebensstil n\u00e4her und lud viele von ihnen ein, einige Tage an der K\u00fcste von M\u00e1laga zu verbringen, um deren Essenz zu erleben. Diese Werbetechnik war f\u00fcr die damalige Zeit sehr avantgardistisch, und das direkte Ergebnis war die Schaffung kleiner Gemeinschaften von Ausl\u00e4ndern, die die Tradition des Teilens des Jahres an der Ostk\u00fcste von M\u00e1laga von Generation zu Generation weitergaben.  <br>Seine Kinder setzten das Werk von Herrn Antonio Tor\u00e9 Tor\u00e9 fort, indem sie ihre Anstrengungen darauf richteten, die Wohnungen in Torre del Mar f\u00fcr alle ihre Kunden erschwinglich zu machen und so das Wachstum der Gemeinde zu f\u00f6rdern.<br>Juan De Dios Tor\u00e9 Vivar setzte das Erbe seines Vaters fort, indem er Constructora Promotora Biznalar S.L. gr\u00fcndete, die mit demselben unternehmerischen und nahbaren Geist mehr als 2.000 Wohnungen gef\u00f6rdert und gebaut hat und dies weiterhin tut, nun mit der Hilfe seiner Kinder, die als dritte Generation im Familiengesch\u00e4ft t\u00e4tig sind.<br>Constructora Promotora Biznalar S.L. bietet weiterhin pers\u00f6nlichen Service f\u00fcr seine Kunden an. Die Manager sind nicht nur Gesch\u00e4ftsf\u00fchrer, sondern auch Verk\u00e4ufer, Architekten und diejenigen, die daf\u00fcr verantwortlich sind, den Kunden mit N\u00e4he zu betreuen, zu sprechen, zu sehen und zuzuh\u00f6ren, ohne Firewalls, ohne Anrufbeantworter. <br>Engagiert f\u00fcr die wirtschaftliche Zug\u00e4nglichkeit ihrer Kunden zu ihren Angeboten und die Bereitstellung flexibler M\u00f6glichkeiten, darauf zuzugreifen, zeichnet sich eine vielversprechende Zukunft f\u00fcr Biznalar ab.<br>Jede Sekunde z\u00e4hlt, jedes Zuhause ist pers\u00f6nlich.<\/p>\t\t\t\t\t\t\t\t<\/div>\n\t\t\t\t<\/div>\n\t\t\t\t\t<\/div>\n\t\t<\/div>\n\t\t\t\t\t<\/div>\n\t\t<\/section>\n\t\t\t\t<section class=\"elementor-section elementor-inner-section elementor-element elementor-element-4530dc4 elementor-section-boxed elementor-section-height-default elementor-section-height-default\" data-id=\"4530dc4\" data-element_type=\"section\" data-e-type=\"section\" data-settings=\"{&quot;background_background&quot;:&quot;classic&quot;}\">\n\t\t\t\t\t\t<div class=\"elementor-container elementor-column-gap-default\">\n\t\t\t\t\t<div class=\"elementor-column elementor-col-100 elementor-inner-column elementor-element elementor-element-89f3e69\" data-id=\"89f3e69\" data-element_type=\"column\" data-e-type=\"column\">\n\t\t\t<div class=\"elementor-widget-wrap\">\n\t\t\t\t\t\t\t<\/div>\n\t\t<\/div>\n\t\t\t\t\t<\/div>\n\t\t<\/section>\n\t\t\t\t\t<\/div>\n\t\t<\/div>\n\t\t\t\t\t<\/div>\n\t\t<\/section>\n\t\t\t\t<\/div>\n\t\t","protected":false},"excerpt":{"rendered":"<p>Das Unternehmen Ein familiengef\u00fchrtes Unternehmen mit mehr als 50 Jahren Geschichte im Bau und der Entwicklung von Wohn- und Gewerbeimmobilien. Herr Antonio Tor\u00e9 Tor\u00e9, allgemein bekannt als &#8222;Toto&#8220;, gilt als einer der Hauptf\u00f6rderer der Tourismusbranche in M\u00e1laga. Zwischen 1966 und 1975 (dem Jahr seines Todes) baute und f\u00f6rderte er mehr als 3.200 Wohnungen in der [&hellip;]<\/p>\n","protected":false},"author":1,"featured_media":0,"parent":0,"menu_order":0,"comment_status":"closed","ping_status":"closed","template":"","meta":{"site-sidebar-layout":"no-sidebar","site-content-layout":"page-builder","ast-site-content-layout":"full-width-container","site-content-style":"unboxed","site-sidebar-style":"unboxed","ast-global-header-display":"","ast-banner-title-visibility":"","ast-main-header-display":"","ast-hfb-above-header-display":"","ast-hfb-below-header-display":"","ast-hfb-mobile-header-display":"","site-post-title":"disabled","ast-breadcrumbs-content":"","ast-featured-img":"disabled","footer-sml-layout":"","ast-disable-related-posts":"","theme-transparent-header-meta":"enabled","adv-header-id-meta":"","stick-header-meta":"default","header-above-stick-meta":"","header-main-stick-meta":"","header-below-stick-meta":"","astra-migrate-meta-layouts":"default","ast-page-background-enabled":"default","ast-page-background-meta":{"desktop":{"background-color":"","background-image":"","background-repeat":"repeat","background-position":"center center","background-size":"auto","background-attachment":"scroll","background-type":"","background-media":"","overlay-type":"","overlay-color":"","overlay-opacity":"","overlay-gradient":""},"tablet":{"background-color":"","background-image":"","background-repeat":"repeat","background-position":"center center","background-size":"auto","background-attachment":"scroll","background-type":"","background-media":"","overlay-type":"","overlay-color":"","overlay-opacity":"","overlay-gradient":""},"mobile":{"background-color":"","background-image":"","background-repeat":"repeat","background-position":"center center","background-size":"auto","background-attachment":"scroll","background-type":"","background-media":"","overlay-type":"","overlay-color":"","overlay-opacity":"","overlay-gradient":""}},"ast-content-background-meta":{"desktop":{"background-color":"var(--ast-global-color-5)","background-image":"","background-repeat":"repeat","background-position":"center center","background-size":"auto","background-attachment":"scroll","background-type":"","background-media":"","overlay-type":"","overlay-color":"","overlay-opacity":"","overlay-gradient":""},"tablet":{"background-color":"var(--ast-global-color-5)","background-image":"","background-repeat":"repeat","background-position":"center center","background-size":"auto","background-attachment":"scroll","background-type":"","background-media":"","overlay-type":"","overlay-color":"","overlay-opacity":"","overlay-gradient":""},"mobile":{"background-color":"var(--ast-global-color-5)","background-image":"","background-repeat":"repeat","background-position":"center center","background-size":"auto","background-attachment":"scroll","background-type":"","background-media":"","overlay-type":"","overlay-color":"","overlay-opacity":"","overlay-gradient":""}},"_joinchat":[],"footnotes":""},"class_list":["post-1925","page","type-page","status-publish","hentry"],"_links":{"self":[{"href":"https:\/\/biznalar.com\/de\/wp-json\/wp\/v2\/pages\/1925","targetHints":{"allow":["GET"]}}],"collection":[{"href":"https:\/\/biznalar.com\/de\/wp-json\/wp\/v2\/pages"}],"about":[{"href":"https:\/\/biznalar.com\/de\/wp-json\/wp\/v2\/types\/page"}],"author":[{"embeddable":true,"href":"https:\/\/biznalar.com\/de\/wp-json\/wp\/v2\/users\/1"}],"replies":[{"embeddable":true,"href":"https:\/\/biznalar.com\/de\/wp-json\/wp\/v2\/comments?post=1925"}],"version-history":[{"count":1,"href":"https:\/\/biznalar.com\/de\/wp-json\/wp\/v2\/pages\/1925\/revisions"}],"predecessor-version":[{"id":1939,"href":"https:\/\/biznalar.com\/de\/wp-json\/wp\/v2\/pages\/1925\/revisions\/1939"}],"wp:attachment":[{"href":"https:\/\/biznalar.com\/de\/wp-json\/wp\/v2\/media?parent=1925"}],"curies":[{"name":"wp","href":"https:\/\/api.w.org\/{rel}","templated":true}]}}