{"id":1852,"date":"2024-09-23T15:45:55","date_gmt":"2024-09-23T13:45:55","guid":{"rendered":"https:\/\/biznalar.com\/impressum\/"},"modified":"2025-05-07T13:24:22","modified_gmt":"2025-05-07T11:24:22","slug":"impressum","status":"publish","type":"page","link":"https:\/\/biznalar.com\/de\/impressum\/","title":{"rendered":"Impressum"},"content":{"rendered":"\t\t<div data-elementor-type=\"wp-post\" data-elementor-id=\"1852\" class=\"elementor elementor-1852 elementor-1641\">\n\t\t\t\t\t\t<section class=\"elementor-section elementor-top-section elementor-element elementor-element-02016c6 elementor-section-boxed elementor-section-height-default elementor-section-height-default\" data-id=\"02016c6\" data-element_type=\"section\" data-e-type=\"section\" data-settings=\"{&quot;background_background&quot;:&quot;classic&quot;}\">\n\t\t\t\t\t\t\t<div class=\"elementor-background-overlay\"><\/div>\n\t\t\t\t\t\t\t<div class=\"elementor-container elementor-column-gap-default\">\n\t\t\t\t\t<div class=\"elementor-column elementor-col-50 elementor-top-column elementor-element elementor-element-5e54ded\" data-id=\"5e54ded\" data-element_type=\"column\" data-e-type=\"column\">\n\t\t\t<div class=\"elementor-widget-wrap elementor-element-populated\">\n\t\t\t\t\t\t<div class=\"elementor-element elementor-element-8da83e4 elementor-widget elementor-widget-heading\" data-id=\"8da83e4\" data-element_type=\"widget\" data-e-type=\"widget\" data-widget_type=\"heading.default\">\n\t\t\t\t<div class=\"elementor-widget-container\">\n\t\t\t\t\t<h1 class=\"elementor-heading-title elementor-size-default\">Impressum<\/h1>\t\t\t\t<\/div>\n\t\t\t\t<\/div>\n\t\t\t\t\t<\/div>\n\t\t<\/div>\n\t\t\t\t<div class=\"elementor-column elementor-col-50 elementor-top-column elementor-element elementor-element-b27e682\" data-id=\"b27e682\" data-element_type=\"column\" data-e-type=\"column\">\n\t\t\t<div class=\"elementor-widget-wrap\">\n\t\t\t\t\t\t\t<\/div>\n\t\t<\/div>\n\t\t\t\t\t<\/div>\n\t\t<\/section>\n\t\t\t\t<section class=\"elementor-section elementor-top-section elementor-element elementor-element-4cbd808 elementor-section-boxed elementor-section-height-default elementor-section-height-default\" data-id=\"4cbd808\" data-element_type=\"section\" data-e-type=\"section\" data-settings=\"{&quot;background_background&quot;:&quot;classic&quot;}\">\n\t\t\t\t\t\t<div class=\"elementor-container elementor-column-gap-default\">\n\t\t\t\t\t<div class=\"elementor-column elementor-col-100 elementor-top-column elementor-element elementor-element-63d0364\" data-id=\"63d0364\" data-element_type=\"column\" data-e-type=\"column\" data-settings=\"{&quot;background_background&quot;:&quot;classic&quot;}\">\n\t\t\t<div class=\"elementor-widget-wrap elementor-element-populated\">\n\t\t\t\t\t\t<div class=\"elementor-element elementor-element-11bc4ec elementor-widget__width-initial elementor-widget elementor-widget-text-editor\" data-id=\"11bc4ec\" data-element_type=\"widget\" data-e-type=\"widget\" data-widget_type=\"text-editor.default\">\n\t\t\t\t<div class=\"elementor-widget-container\">\n\t\t\t\t\t\t\t\t\t<div class=\"row\"><div class=\"col-xl-10 mx-auto\"><div class=\"paper\"><header class=\"text-center\"><div class=\"row\"><div class=\"col col-xl-10 mx-auto\"><div class=\"paper\"><header class=\"text-center\"><h4><span style=\"font-size: 1.5em; font-weight: bold;\">I. ALLGEMEINE INFORMATIONEN<\/span><\/h4><\/header><div><p>In \u00dcbereinstimmung mit der Informationspflicht gem\u00e4\u00df dem Gesetz 34\/2002 \u00fcber Dienste der Informationsgesellschaft und den elektronischen Handel (LSSI-CE) vom 11. Juli, werden die folgenden allgemeinen Informationen zu dieser Website bereitgestellt:<\/p><p class=\"ng-hide\">Die Eigent\u00fcmerschaft dieser Website, <span class=\"blanc-space ng-binding\">www.biznalar.com<\/span>, (im Folgenden, Website) liegt bei: , mit NIF: , und deren Kontaktdaten lauten:<\/p><p class=\"\">Die Eigent\u00fcmerschaft dieser Website, <span class=\"blanc-space ng-binding\">www.biznalar.com<\/span>, (im Folgenden, Website) liegt bei: <span class=\"blanc-space ng-binding\">Constructora Promotora Biznalar S.L<\/span>., mit NIF: <span class=\"blanc-space ng-binding\">B29701505<\/span> und eingetragen in: mit den folgenden Registrierungsdaten: , deren Vertreter ist: , und deren Kontaktdaten lauten:<\/p><p>Adresse: <span class=\"blanc-space ng-binding\">C\/ DEL MAR, 23 1&amp; CD<\/span><\/p><p>Kontakttelefon: <span class=\"blanc-space ng-binding\">952542992<\/span><\/p><p class=\"ng-hide\">Fax:<\/p><p>Kontakt-E-Mail: <span class=\"blanc-space ng-binding\">tovel@biznalar.com<\/span><\/p><h3>II. ALLGEMEINE NUTZUNGSBEDINGUNGEN <\/h3><h4>Zweck der Bedingungen: Die Website<\/h4><p>Zweck dieser Allgemeinen Nutzungsbedingungen (im Folgenden, Bedingungen) ist die Regelung des Zugriffs auf die Website und deren Nutzung. Im Sinne dieser Bedingungen versteht man unter Website: das \u00e4u\u00dfere Erscheinungsbild der Bildschirmoberfl\u00e4chen, sowohl in statischer als auch in dynamischer Form, d.\u202fh. der Navigationsbaum; sowie alle Elemente, die sowohl in die Bildschirmoberfl\u00e4chen als auch in den Navigationsbaum integriert sind (im Folgenden, Inhalte), und alle Online-Dienste oder -Ressourcen, die gegebenenfalls den Nutzern angeboten werden (im Folgenden, Dienste). <\/p><p><span class=\"blanc-space ng-binding\">Construcciones Biznalar<\/span> beh\u00e4lt sich das Recht vor, jederzeit und ohne vorherige Ank\u00fcndigung die Darstellung und Konfiguration der Website sowie der darin enthaltenen Inhalte und Dienste zu \u00e4ndern. Der Nutzer erkennt an und akzeptiert, dass <span class=\"blanc-space ng-binding\">Construcciones Biznalar<\/span> jederzeit diese Elemente oder den Zugang dazu unterbrechen, deaktivieren und\/oder einstellen kann. <\/p><p>Der Zugang zur Website durch den Nutzer ist frei und in der Regel kostenlos, ohne dass der Nutzer eine Gegenleistung erbringen muss, um sie zu nutzen, mit Ausnahme der Verbindungskosten \u00fcber das Telekommunikationsnetz, das vom vom Nutzer beauftragten Zugangsanbieter bereitgestellt wird.<\/p><p class=\"ng-hide\">Abgesehen von den Verbindungskosten \u00fcber das Telekommunikationsnetz, das vom Nutzer beauftragte Zugangsanbieter bereitstellt, k\u00f6nnen einige der von <span class=\"blanc-space ng-binding\">Construcciones Biznalar<\/span> oder gegebenenfalls von Dritten \u00fcber die Website angebotenen Inhalte oder Dienste einer vorherigen Vertragsvereinbarung unterliegen, wobei in diesem Fall die entsprechenden Allgemeinen oder Besonderen Gesch\u00e4ftsbedingungen klar angegeben und\/oder dem Nutzer zur Verf\u00fcgung gestellt werden.<\/p><p>Die Nutzung einiger Inhalte oder Dienste der Website kann eine vorherige Anmeldung oder Registrierung des Nutzers erfordern.<\/p><p class=\"ng-hide\">Die Nutzung der Inhalte erfordert keine vorherige Anmeldung oder Registrierung.<\/p><h4>Der Nutzer<\/h4><p>Der Zugang, das Surfen und die Nutzung der Website sowie der f\u00fcr die Interaktion zwischen den Nutzern und zwischen dem Nutzer und <span class=\"blanc-space ng-binding\">Construcciones Biznalar<\/span> eingerichteten Bereiche, wie Kommentare und\/oder Blogging-Bereiche, verleihen den Status eines Nutzers, sodass der Nutzer durch den Beginn des Surfens auf der Website alle hier festgelegten Bedingungen sowie deren sp\u00e4tere \u00c4nderungen akzeptiert, unbeschadet der Anwendung der entsprechenden zwingenden gesetzlichen Vorschriften, je nach Fall. Angesichts der Wichtigkeit des Vorstehenden wird dem Nutzer empfohlen, diese bei jedem Besuch der Website zu lesen. <\/p><p>Die Website von <span class=\"blanc-space ng-binding\">Construcciones Biznalar<\/span> bietet eine gro\u00dfe Vielfalt an Informationen, Dienstleistungen und Daten. Der Nutzer \u00fcbernimmt die Verantwortung f\u00fcr die ordnungsgem\u00e4\u00dfe Nutzung der Website. Diese Verantwortung erstreckt sich auf:  <\/p><ul><li>Die Nutzung der von <span class=\"blanc-space ng-binding\">Construcciones Biznalar<\/span> bereitgestellten Informationen, Inhalte und\/oder Dienste und Daten, die nicht den Bestimmungen dieser Bedingungen, dem Gesetz, der Moral oder der \u00f6ffentlichen Ordnung widersprechen oder in irgendeiner Weise die Rechte Dritter oder die ordnungsgem\u00e4\u00dfe Funktion der Website beeintr\u00e4chtigen k\u00f6nnen.<\/li><li>Die Richtigkeit und Legalit\u00e4t der Informationen, die der Nutzer in den von <span class=\"blanc-space ng-binding\">Construcciones Biznalar<\/span> bereitgestellten Formularen f\u00fcr den Zugang zu bestimmten Inhalten oder Diensten auf der Website angegeben hat. In jedem Fall wird der Nutzer <span class=\"blanc-space ng-binding\">Construcciones Biznalar<\/span> sofort \u00fcber jedes Ereignis informieren, das den Missbrauch der in diesen Formularen registrierten Informationen erm\u00f6glicht, wie zum Beispiel, aber nicht nur, Diebstahl, Verlust oder unbefugter Zugriff auf Identifikatoren und\/oder Passw\u00f6rter, um deren sofortige Stornierung vorzunehmen. <\/li><\/ul><p><span class=\"blanc-space ng-binding\">Construcciones Biznalar<\/span> beh\u00e4lt sich das Recht vor, alle Kommentare und Beitr\u00e4ge zu entfernen, die gegen das Gesetz, den Respekt vor der Menschenw\u00fcrde versto\u00dfen, diskriminierend, xenophob, rassistisch, pornografisch, Spam sind, die die Jugend oder Kindheit gef\u00e4hrden, die \u00f6ffentliche Ordnung oder Sicherheit gef\u00e4hrden oder die ihrer Ansicht nach nicht f\u00fcr die Ver\u00f6ffentlichung geeignet sind.<\/p><p>In jedem Fall ist <span class=\"blanc-space ng-binding\">Construcciones Biznalar<\/span> nicht verantwortlich f\u00fcr die von Nutzern ge\u00e4u\u00dferten Meinungen durch Kommentare oder andere Blogging- oder Beteiligungswerkzeuge, die zur Verf\u00fcgung stehen k\u00f6nnten.<\/p><p>Der blo\u00dfe Zugang zu dieser Website begr\u00fcndet keine kommerzielle Beziehung zwischen <span class=\"blanc-space ng-binding\">Construcciones Biznalar<\/span> und dem Nutzer.<\/p><p>Der Nutzer erkl\u00e4rt, vollj\u00e4hrig zu sein und \u00fcber die erforderliche rechtliche F\u00e4higkeit zu verf\u00fcgen, an diese Bedingungen gebunden zu sein. Daher richtet sich diese Website von <span class=\"blanc-space ng-binding\">Construcciones Biznalar<\/span> nicht an Minderj\u00e4hrige. <span class=\"blanc-space ng-binding\">Construcciones Biznalar<\/span> \u00fcbernimmt keine Verantwortung f\u00fcr die Nichteinhaltung dieser Voraussetzung. <\/p><p class=\"ng-hide\">Immer im Einklang mit der geltenden Gesetzgebung richtet sich diese Website von<span class=\"blanc-space ng-binding\"> Construcciones Biznalar<\/span> an alle Personen, unabh\u00e4ngig von ihrem Alter, die auf die Seiten der Website zugreifen und\/oder sie durchsuchen k\u00f6nnen.<\/p><p>Die Website richtet sich haupts\u00e4chlich an Nutzer, die in <span class=\"blanc-space ng-binding\">Spanien <\/span>ans\u00e4ssig sind. <span class=\"blanc-space ng-binding\">Construcciones Biznalar<\/span> gew\u00e4hrleistet nicht, dass die Website den Gesetzen anderer L\u00e4nder, entweder vollst\u00e4ndig oder teilweise, entspricht. Wenn der Nutzer an einem anderen Ort wohnt oder dort gemeldet ist und sich entschlie\u00dft, auf die Website zuzugreifen und\/oder sie zu durchsuchen, geschieht dies auf eigenes Risiko, und er muss sicherstellen, dass dieser Zugriff und diese Navigation mit der geltenden lokalen Gesetzgebung \u00fcbereinstimmen. <span class=\"blanc-space ng-binding\">Construcciones Biznalar<\/span> \u00fcbernimmt keine Verantwortung f\u00fcr den Zugriff. <\/p><h3>III. ZUGRIFF UND NAVIGATION AUF DER WEBSITE: AUSSCHLUSS VON GARANTIEN UND HAFTUNG <\/h3><p><span class=\"blanc-space ng-binding\">Construcciones Biznalar<\/span> garantiert nicht die Kontinuit\u00e4t, Verf\u00fcgbarkeit und N\u00fctzlichkeit der Website sowie der Inhalte oder Dienstleistungen. <span class=\"blanc-space ng-binding\">Construcciones Biznalar<\/span> wird sein Bestes tun, um das ordnungsgem\u00e4\u00dfe Funktionieren der Website zu gew\u00e4hrleisten, \u00fcbernimmt jedoch keine Verantwortung und garantiert nicht, dass der Zugriff auf diese Website unterbrechungsfrei oder fehlerfrei ist.<\/p><p>Sie \u00fcbernimmt auch keine Verantwortung oder Garantie daf\u00fcr, dass die Inhalte oder Software, auf die \u00fcber diese Website zugegriffen werden kann, fehlerfrei ist oder keinen Schaden am Computersystem (Software und Hardware) des Nutzers verursacht. Unter keinen Umst\u00e4nden ist <span class=\"blanc-space ng-binding\">Construcciones Biznalar<\/span> f\u00fcr Verluste, Sch\u00e4den oder Beeintr\u00e4chtigungen jeglicher Art verantwortlich, die durch den Zugriff, das Surfen und die Nutzung der Website entstehen, einschlie\u00dflich, aber nicht beschr\u00e4nkt auf solche, die den Computersystemen oder durch die Einf\u00fchrung von Viren verursacht werden. <\/p><p><span class=\"blanc-space ng-binding\">Construcciones Biznalar<\/span> ist auch nicht f\u00fcr Sch\u00e4den verantwortlich, die den Nutzern durch eine unsachgem\u00e4\u00dfe Nutzung dieser Website entstehen k\u00f6nnten. Insbesondere \u00fcbernimmt sie keinerlei Verantwortung f\u00fcr Ausf\u00e4lle, Unterbrechungen oder M\u00e4ngel in den Telekommunikationsdiensten, die auftreten k\u00f6nnten. <\/p><h3>IV. LINK-POLITIK <\/h3><p>Es wird darauf hingewiesen, dass die Website von <span class=\"blanc-space ng-binding\">Construcciones Biznalar<\/span> den Nutzern Links (wie unter anderem Links, Banner, Schaltfl\u00e4chen), Verzeichnisse und Suchmaschinen zur Verf\u00fcgung stellt oder zur Verf\u00fcgung stellen kann, die den Nutzern den Zugriff auf Websites erm\u00f6glichen, die Dritten geh\u00f6ren und\/oder von diesen verwaltet werden<\/p><p>Die Installation dieser Links, Verzeichnisse und Suchmaschinen auf der Website soll den Nutzern die Suche nach und den Zugang zu Informationen im Internet erleichtern, ohne dass dies als Vorschlag, Empfehlung oder Einladung zum Besuch dieser Seiten betrachtet werden kann.<\/p><p><span class=\"blanc-space ng-binding\">Construcciones Biznalar<\/span> bietet oder vermarktet weder selbst noch \u00fcber Dritte die auf diesen verlinkten Seiten verf\u00fcgbaren Produkte und\/oder Dienstleistungen.<\/p><p class=\"ng-hide\"><span class=\"blanc-space ng-binding\">Construcciones Biznalar<\/span> bietet gesponserte Inhalte, Werbung und\/oder Affiliate-Links an. Die Informationen, die in diesen Affiliate-Links oder den eingef\u00fcgten Anzeigen erscheinen, werden von den Werbetreibenden selbst bereitgestellt, weshalb <span class=\"blanc-space ng-binding\">Construcciones Biznalar<\/span> nicht f\u00fcr m\u00f6gliche Ungenauigkeiten oder Fehler in den Anzeigen verantwortlich ist und in keiner Weise die Erfahrung, Integrit\u00e4t oder Verantwortung der Werbetreibenden oder die Qualit\u00e4t ihrer Produkte und\/oder Dienstleistungen garantiert. <\/p><p>Ebenso wird es nicht die technische Verf\u00fcgbarkeit, Genauigkeit, Wahrhaftigkeit, G\u00fcltigkeit oder Legalit\u00e4t von externen Seiten zu seinem Eigentum garantieren, auf die \u00fcber die Links zugegriffen werden kann.<\/p><p><span class=\"blanc-space ng-binding\">Construcciones Biznalar<\/span> wird unter keinen Umst\u00e4nden den Inhalt anderer Websites \u00fcberpr\u00fcfen oder kontrollieren, noch genehmigt, pr\u00fcft oder \u00fcbernimmt es die Produkte und Dienstleistungen, Inhalte, Dateien oder anderes Material, das auf den referenzierten verlinkten Seiten existiert.<\/p><p><span class=\"blanc-space ng-binding\">Construcciones Biznalar<\/span> \u00fcbernimmt keine Verantwortung f\u00fcr Sch\u00e4den oder Verluste, die durch den Zugang, die Nutzung, die Qualit\u00e4t oder die Rechtm\u00e4\u00dfigkeit von Inhalten, Kommunikation, Meinungen, Produkten und Dienstleistungen von Websites entstehen k\u00f6nnen, die nicht von <span class=\"blanc-space ng-binding\">Construcciones Biznalar<\/span> verwaltet werden und auf dieser Website verlinkt sind.<\/p><p>Der Benutzer oder Dritte, der einen Hyperlink von einer Webseite einer anderen, verschiedenen Webseite zur <span class=\"blanc-space ng-binding\">Construcciones Biznalar<\/span>-Website erstellt, muss wissen, dass:<\/p><p>Die Reproduktion \u2014ganz oder teilweise\u2014 von Inhalten und\/oder Dienstleistungen der Website ist ohne ausdr\u00fcckliche Genehmigung von <span class=\"blanc-space ng-binding\">Construcciones Biznalar<\/span> nicht gestattet.<\/p><p>Es ist auch nicht gestattet, falsche, ungenaue oder inkorrekte Aussagen \u00fcber die Website von <span class=\"blanc-space ng-binding\">Construcciones Biznalar<\/span> oder deren Inhalte und\/oder Dienstleistungen zu machen.<\/p><p>Mit Ausnahme des Hyperlinks darf die Website, auf der der Hyperlink erstellt wird, keine Elemente dieser Website enthalten, die nach spanischem Recht als geistiges Eigentum gesch\u00fctzt sind, es sei denn, es liegt eine ausdr\u00fcckliche Genehmigung von <span class=\"blanc-space ng-binding\">Construcciones Biznalar<\/span> vor.<\/p><p>Die Einrichtung des Hyperlinks impliziert nicht die Existenz einer Beziehung zwischen <span class=\"blanc-space ng-binding\">Construcciones Biznalar<\/span> und dem Inhaber der Website, von der der Link erstellt wurde, noch das Wissen und die Akzeptanz von <span class=\"blanc-space ng-binding\">Construcciones Biznalar<\/span> bez\u00fcglich der auf dieser Website angebotenen Inhalte, Dienstleistungen und\/oder Aktivit\u00e4ten, und umgekehrt.<\/p><h3>V. GEISTIGES EIGENTUM UND INDUSTRIELLES EIGENTUM<\/h3><p><span class=\"blanc-space ng-binding\">Construcciones Biznalar<\/span> ist, entweder direkt oder als Abtretungsempf\u00e4nger, Inhaber aller geistigen und gewerblichen Eigentumsrechte an der Website sowie der darin enthaltenen Elemente (einschlie\u00dflich, aber nicht beschr\u00e4nkt auf Bilder, Ton, Audio, Video, Software oder Texte, Marken oder Logos, Farbzusammenstellungen, Struktur und Design, Auswahl der verwendeten Materialien, notwendige Computerprogramme f\u00fcr den Betrieb, den Zugang und die Nutzung usw.). Diese Werke sind daher als geistiges Eigentum nach spanischem Recht gesch\u00fctzt und unterliegen sowohl den spanischen als auch den europ\u00e4ischen Vorschriften auf diesem Gebiet sowie den internationalen Vertr\u00e4gen, die Spanien in diesem Bereich unterzeichnet hat. <\/p><p>Alle Rechte vorbehalten. Gem\u00e4\u00df den Bestimmungen des Urheberrechtsgesetzes ist die Vervielf\u00e4ltigung, Verbreitung und \u00f6ffentliche Kommunikation, einschlie\u00dflich der Bereitstellung, des gesamten oder eines Teils der Inhalte dieser Website zu kommerziellen Zwecken, auf jedem Medium und durch jedes technische Mittel, ohne die Genehmigung von <span class=\"blanc-space ng-binding\">Construcciones Biznalar<\/span>, ausdr\u00fccklich untersagt. <\/p><p>Der Benutzer verpflichtet sich, die geistigen und industriellen Eigentumsrechte von <span class=\"blanc-space ng-binding\">Construcciones Biznalar<\/span> zu respektieren. Er darf die Elemente der Website ansehen oder sogar ausdrucken, kopieren und auf der Festplatte seines Computers oder auf jedem anderen physischen Medium speichern, sofern dies ausschlie\u00dflich f\u00fcr den pers\u00f6nlichen Gebrauch erfolgt. Der Benutzer darf jedoch keine Schutzvorrichtungen oder Sicherheitssysteme entfernen, \u00e4ndern oder manipulieren, die auf der Website installiert sind.  <\/p><p>Wenn der Benutzer oder ein Dritter der Ansicht ist, dass eines der Inhalte auf der Website gegen die Rechte des geistigen Eigentums verst\u00f6\u00dft, muss er <span class=\"blanc-space ng-binding\">Construcciones Biznalar<\/span> unverz\u00fcglich \u00fcber die Kontaktangaben im Abschnitt ALLGEMEINE INFORMATIONEN dieser rechtlichen Hinweise und Allgemeinen Nutzungsbedingungen informieren.<\/p><h3>VI. RECHTLICHE SCHRITTE, ANWENDBARES RECHT UND GERICHTSBARKEIT <\/h3><p><span class=\"blanc-space ng-binding\">Construcciones Biznalar<\/span> beh\u00e4lt sich das Recht vor, alle zivil- oder strafrechtlichen Ma\u00dfnahmen zu ergreifen, die es f\u00fcr notwendig h\u00e4lt, bei missbr\u00e4uchlicher Nutzung der Website und des Inhalts oder bei Versto\u00df gegen diese Bedingungen.<\/p><p>Die Beziehung zwischen dem Nutzer und <span class=\"blanc-space ng-binding\">Construcciones Biznalar<\/span> unterliegt den geltenden Vorschriften und Bestimmungen auf dem spanischen Gebiet. Im Falle eines Streits \u00fcber die Auslegung und\/oder Anwendung dieser Bedingungen werden die Parteien ihre Konflikte der ordentlichen Gerichtsbarkeit unterwerfen und sich den zust\u00e4ndigen Richtern und Gerichten gem\u00e4\u00df dem Gesetz unterordnen. <\/p><\/div><\/div><\/div><\/div><\/header><\/div><\/div><\/div>\t\t\t\t\t\t\t\t<\/div>\n\t\t\t\t<\/div>\n\t\t\t\t\t<\/div>\n\t\t<\/div>\n\t\t\t\t\t<\/div>\n\t\t<\/section>\n\t\t\t\t<\/div>\n\t\t","protected":false},"excerpt":{"rendered":"<p>Impressum I. ALLGEMEINE INFORMATIONEN In \u00dcbereinstimmung mit der Informationspflicht gem\u00e4\u00df dem Gesetz 34\/2002 \u00fcber Dienste der Informationsgesellschaft und den elektronischen Handel (LSSI-CE) vom 11. Juli, werden die folgenden allgemeinen Informationen zu dieser Website bereitgestellt: Die Eigent\u00fcmerschaft dieser Website, www.biznalar.com, (im Folgenden, Website) liegt bei: , mit NIF: , und deren Kontaktdaten lauten: Die Eigent\u00fcmerschaft dieser [&hellip;]<\/p>\n","protected":false},"author":1,"featured_media":0,"parent":0,"menu_order":0,"comment_status":"closed","ping_status":"closed","template":"","meta":{"site-sidebar-layout":"no-sidebar","site-content-layout":"page-builder","ast-site-content-layout":"full-width-container","site-content-style":"unboxed","site-sidebar-style":"unboxed","ast-global-header-display":"","ast-banner-title-visibility":"","ast-main-header-display":"","ast-hfb-above-header-display":"","ast-hfb-below-header-display":"","ast-hfb-mobile-header-display":"","site-post-title":"disabled","ast-breadcrumbs-content":"","ast-featured-img":"disabled","footer-sml-layout":"","ast-disable-related-posts":"","theme-transparent-header-meta":"enabled","adv-header-id-meta":"","stick-header-meta":"","header-above-stick-meta":"","header-main-stick-meta":"","header-below-stick-meta":"","astra-migrate-meta-layouts":"default","ast-page-background-enabled":"default","ast-page-background-meta":{"desktop":{"background-color":"","background-image":"","background-repeat":"repeat","background-position":"center center","background-size":"auto","background-attachment":"scroll","background-type":"","background-media":"","overlay-type":"","overlay-color":"","overlay-opacity":"","overlay-gradient":""},"tablet":{"background-color":"","background-image":"","background-repeat":"repeat","background-position":"center center","background-size":"auto","background-attachment":"scroll","background-type":"","background-media":"","overlay-type":"","overlay-color":"","overlay-opacity":"","overlay-gradient":""},"mobile":{"background-color":"","background-image":"","background-repeat":"repeat","background-position":"center center","background-size":"auto","background-attachment":"scroll","background-type":"","background-media":"","overlay-type":"","overlay-color":"","overlay-opacity":"","overlay-gradient":""}},"ast-content-background-meta":{"desktop":{"background-color":"var(--ast-global-color-5)","background-image":"","background-repeat":"repeat","background-position":"center center","background-size":"auto","background-attachment":"scroll","background-type":"","background-media":"","overlay-type":"","overlay-color":"","overlay-opacity":"","overlay-gradient":""},"tablet":{"background-color":"var(--ast-global-color-5)","background-image":"","background-repeat":"repeat","background-position":"center center","background-size":"auto","background-attachment":"scroll","background-type":"","background-media":"","overlay-type":"","overlay-color":"","overlay-opacity":"","overlay-gradient":""},"mobile":{"background-color":"var(--ast-global-color-5)","background-image":"","background-repeat":"repeat","background-position":"center center","background-size":"auto","background-attachment":"scroll","background-type":"","background-media":"","overlay-type":"","overlay-color":"","overlay-opacity":"","overlay-gradient":""}},"_joinchat":[],"footnotes":""},"class_list":["post-1852","page","type-page","status-publish","hentry"],"_links":{"self":[{"href":"https:\/\/biznalar.com\/de\/wp-json\/wp\/v2\/pages\/1852","targetHints":{"allow":["GET"]}}],"collection":[{"href":"https:\/\/biznalar.com\/de\/wp-json\/wp\/v2\/pages"}],"about":[{"href":"https:\/\/biznalar.com\/de\/wp-json\/wp\/v2\/types\/page"}],"author":[{"embeddable":true,"href":"https:\/\/biznalar.com\/de\/wp-json\/wp\/v2\/users\/1"}],"replies":[{"embeddable":true,"href":"https:\/\/biznalar.com\/de\/wp-json\/wp\/v2\/comments?post=1852"}],"version-history":[{"count":1,"href":"https:\/\/biznalar.com\/de\/wp-json\/wp\/v2\/pages\/1852\/revisions"}],"predecessor-version":[{"id":1853,"href":"https:\/\/biznalar.com\/de\/wp-json\/wp\/v2\/pages\/1852\/revisions\/1853"}],"wp:attachment":[{"href":"https:\/\/biznalar.com\/de\/wp-json\/wp\/v2\/media?parent=1852"}],"curies":[{"name":"wp","href":"https:\/\/api.w.org\/{rel}","templated":true}]}}